{"id":11480,"date":"2021-01-09T20:42:17","date_gmt":"2021-01-09T18:42:17","guid":{"rendered":"https:\/\/mmfidawla.com\/home\/"},"modified":"2021-01-30T14:20:15","modified_gmt":"2021-01-30T12:20:15","slug":"home","status":"publish","type":"page","link":"https:\/\/mmfidawla.com\/de\/","title":{"rendered":"Home"},"content":{"rendered":"<div   class='avia-fullscreen-slider main_color   avia-builder-el-0  el_before_av_section  avia-builder-el-first  container_wrap fullsize'  >\n<style type=\"text\/css\" data-created_by=\"avia_inline_auto\" id=\"style-css-av-dg5xz-23bbb122c3cf8e16b12d012faa194f9a\">\n#top #wrap_all .avia-slideshow .av-slideshow-caption.av-dg5xz-23bbb122c3cf8e16b12d012faa194f9a__0 .avia-caption-title{\nfont-size:40px;\n}\n#top .avia-slideshow .av-slideshow-caption.av-dg5xz-23bbb122c3cf8e16b12d012faa194f9a__0 .avia-caption-content{\nfont-size:20px;\n}\n#top .avia-slideshow .av-slideshow-caption.av-dg5xz-23bbb122c3cf8e16b12d012faa194f9a__0 .avia-caption-content p{\nfont-size:20px;\n}\n<\/style>\n<a href='#next-section' title='' class='scroll-down-link av-control-default' aria-hidden='true' data-av_icon='\ue877' data-av_iconfont='entypo-fontello'><\/a><div  class='avia-slideshow av-dg5xz-23bbb122c3cf8e16b12d012faa194f9a avia-slideshow-extra_large av_fullscreen avia-slide-slider av-slideshow-ui av-control-default av-slideshow-autoplay av-loop-endless av-loop-manual-endless av-slider-scroll-down-active av-default-height-applied   avia-slideshow-1' data-slideshow-options=\"{&quot;animation&quot;:&quot;slide&quot;,&quot;autoplay&quot;:true,&quot;loop_autoplay&quot;:&quot;endless&quot;,&quot;interval&quot;:10,&quot;loop_manual&quot;:&quot;manual-endless&quot;,&quot;autoplay_stopper&quot;:false,&quot;noNavigation&quot;:false,&quot;bg_slider&quot;:true,&quot;keep_padding&quot;:false,&quot;hoverpause&quot;:false,&quot;show_slide_delay&quot;:0,&quot;slide_height&quot;:&quot;100&quot;,&quot;image_attachment&quot;:&quot;&quot;}\"  itemprop=\"image\" itemscope=\"itemscope\" itemtype=\"https:\/\/schema.org\/ImageObject\" ><ul class='avia-slideshow-inner ' style='padding-bottom: 61.796875%;'><li style='background-position:center center;' data-img-url='https:\/\/mmfidawla.com\/wp-content\/uploads\/2021\/01\/background-full-2.jpg' class='avia-slideshow-slide av-dg5xz-23bbb122c3cf8e16b12d012faa194f9a__0  av-single-slide slide-1 slide-odd'><a href=\"https:\/\/mmfidawla.com\/wp-content\/uploads\/2021\/01\/MMFD-Booklet-V8.pdf\"  data-rel='slideshow-1' class='avia-slide-wrap '   ><div class='av-slideshow-caption av-dg5xz-23bbb122c3cf8e16b12d012faa194f9a__0 caption_fullwidth caption_right caption_right_framed caption_framed'><div class=\"container caption_container\"><div class=\"slideshow_caption\"><div class=\"slideshow_inner_caption\"><div class=\"slideshow_align_caption\"><h2 class='avia-caption-title '  itemprop=\"name\" >B\u00dcRGERINNEN UND B\u00dcRGER IN EINEM STAAT<\/h2><div class='avia-caption-content '  itemprop=\"description\" ><p>Brosch\u00fcre herunterladen<\/p>\n<\/div><\/div><\/div><\/div><\/div><\/div><\/a><\/li><\/ul><\/div><\/div>\n\n<style type=\"text\/css\" data-created_by=\"avia_inline_auto\" id=\"style-css-av-78of3-a551c246cce031a591b2f2ea9fe25c0a\">\n.avia-section.av-78of3-a551c246cce031a591b2f2ea9fe25c0a{\nbackground-color:#ffffff;\nbackground-image:unset;\n}\n<\/style>\n<div id='av_section_1'  class='avia-section av-78of3-a551c246cce031a591b2f2ea9fe25c0a main_color avia-section-default avia-no-shadow  avia-builder-el-1  el_after_av_fullscreen  avia-builder-el-last  avia-bg-style-fixed container_wrap fullsize'  ><div class='container av-section-cont-open' ><div class='template-page content  av-content-full alpha units'><div class='post-entry post-entry-type-page post-entry-11480'><div class='entry-content-wrapper clearfix'>\n\n<style type=\"text\/css\" data-created_by=\"avia_inline_auto\" id=\"style-css-av-2xvkzb-80493d53385381d8bdc8e00942b3cdfa\">\n#top .av_textblock_section.av-2xvkzb-80493d53385381d8bdc8e00942b3cdfa .avia_textblock{\nfont-size:40px;\n}\n<\/style>\n<section  class='av_textblock_section av-2xvkzb-80493d53385381d8bdc8e00942b3cdfa '   itemscope=\"itemscope\" itemtype=\"https:\/\/schema.org\/CreativeWork\" ><div class='avia_textblock'  itemprop=\"text\" ><h1 class=\"p1\" style=\"text-align: center;\">B\u00dcRGERINNEN UND B\u00dcRGER IN EINEM STAAT<\/h1>\n<\/div><\/section>\n\n<style type=\"text\/css\" data-created_by=\"avia_inline_auto\" id=\"style-css-av-yswbr-fafeecf131ac7682ead945544b666610\">\n.flex_column.av-yswbr-fafeecf131ac7682ead945544b666610{\nborder-radius:0px 0px 0px 0px;\npadding:0px 0px 0px 0px;\n}\n<\/style>\n<div  class='flex_column av-yswbr-fafeecf131ac7682ead945544b666610 av_one_fourth  avia-builder-el-3  el_after_av_textblock  el_before_av_one_fourth  first flex_column_div av-zero-column-padding  column-top-margin'     ><style type=\"text\/css\" data-created_by=\"avia_inline_auto\" id=\"style-css-av-stq6n-77758541fe426ec7386fa87ab3e754a4\">\n.iconbox.av-stq6n-77758541fe426ec7386fa87ab3e754a4 .iconbox_icon{\nbackground-color:#361c4f;\ncolor:#ffffff;\n}\n<\/style>\n<article  class='iconbox iconbox_right_content av-stq6n-77758541fe426ec7386fa87ab3e754a4  avia-builder-el-4  avia-builder-el-no-sibling '  itemscope=\"itemscope\" itemtype=\"https:\/\/schema.org\/CreativeWork\" ><a href='https:\/\/mmfidawla.com\/de\/' title='S\u00c4KULAR'  class=\"iconbox_icon heading-color\" aria-hidden='true' data-av_icon='\ue80a' data-av_iconfont='entypo-fontello'><\/a><div class=\"iconbox_content\"><header class=\"entry-content-header\"><h3 class='iconbox_content_title '  itemprop=\"headline\" ><a href='https:\/\/mmfidawla.com\/de\/' title='S\u00c4KULAR' >S\u00c4KULAR<\/a><\/h3><\/header><div class='iconbox_content_container '  itemprop=\"text\" ><div dir=\"ltr\">\n<div>\n<div style=\"text-align: left;\">\n<div>Wir arbeiten f\u00fcr die Errichtung eines s\u00e4kularen Staates, der sich direkt und nicht \u00fcber die Vertretung der Religionsgemeinschaften mit seinen B\u00fcrgern befasst.<\/div>\n<\/div>\n<div style=\"text-align: left;\"><\/div>\n<\/div>\n<\/div>\n<div>\n<div>\n<div style=\"text-align: left;\"><\/div>\n<\/div>\n<\/div>\n<\/div><\/div><footer class=\"entry-footer\"><\/footer><\/article><\/div>\n<style type=\"text\/css\" data-created_by=\"avia_inline_auto\" id=\"style-css-av-18qu4n-abbfb4c5d9fddec0eec85eec87394fd1\">\n.flex_column.av-18qu4n-abbfb4c5d9fddec0eec85eec87394fd1{\nborder-radius:0px 0px 0px 0px;\npadding:0px 0px 0px 0px;\n}\n<\/style>\n<div  class='flex_column av-18qu4n-abbfb4c5d9fddec0eec85eec87394fd1 av_one_fourth  avia-builder-el-5  el_after_av_one_fourth  el_before_av_one_fourth  flex_column_div av-zero-column-padding  column-top-margin'     ><style type=\"text\/css\" data-created_by=\"avia_inline_auto\" id=\"style-css-av-151iqv-17f980860d9547dcb23d7e2f44c7c9b5\">\n.iconbox.av-151iqv-17f980860d9547dcb23d7e2f44c7c9b5 .iconbox_icon{\nbackground-color:#361c4f;\ncolor:#ffffff;\n}\n<\/style>\n<article  class='iconbox iconbox_right_content av-151iqv-17f980860d9547dcb23d7e2f44c7c9b5  avia-builder-el-6  avia-builder-el-no-sibling '  itemscope=\"itemscope\" itemtype=\"https:\/\/schema.org\/CreativeWork\" ><div class=\"iconbox_icon heading-color\" aria-hidden='true' data-av_icon='\ue800' data-av_iconfont='fontello'><\/div><div class=\"iconbox_content\"><header class=\"entry-content-header\"><h3 class='iconbox_content_title '  itemprop=\"headline\" >DEMOKRATISCH<\/h3><\/header><div class='iconbox_content_container '  itemprop=\"text\" ><div dir=\"ltr\">\n<div style=\"text-align: left;\">Wir setzen uns f\u00fcr die Errichtung eines demokratischen Staates ein, der die Macht der herrschenden Minderheit reguliert und verhindert, dass sie die Rechte der regierten Mehrheit verletzt.<\/div>\n<\/div>\n<\/div><\/div><footer class=\"entry-footer\"><\/footer><\/article><\/div>\n<style type=\"text\/css\" data-created_by=\"avia_inline_auto\" id=\"style-css-av-1uxrpb-30102bf7259246af65fa41a27d37a3ba\">\n.flex_column.av-1uxrpb-30102bf7259246af65fa41a27d37a3ba{\nborder-radius:0px 0px 0px 0px;\npadding:0px 0px 0px 0px;\n}\n<\/style>\n<div  class='flex_column av-1uxrpb-30102bf7259246af65fa41a27d37a3ba av_one_fourth  avia-builder-el-7  el_after_av_one_fourth  el_before_av_one_fourth  flex_column_div av-zero-column-padding  column-top-margin'     ><style type=\"text\/css\" data-created_by=\"avia_inline_auto\" id=\"style-css-av-n7t3-3aa0faf23d175b352e7d243e13980295\">\n.iconbox.av-n7t3-3aa0faf23d175b352e7d243e13980295 .iconbox_icon{\nbackground-color:#361c4f;\ncolor:#ffffff;\n}\n<\/style>\n<article  class='iconbox iconbox_right_content av-n7t3-3aa0faf23d175b352e7d243e13980295  avia-builder-el-8  avia-builder-el-no-sibling '  itemscope=\"itemscope\" itemtype=\"https:\/\/schema.org\/CreativeWork\" ><div class=\"iconbox_icon heading-color\" aria-hidden='true' data-av_icon='\uf24e' data-av_iconfont='fontello'><\/div><div class=\"iconbox_content\"><header class=\"entry-content-header\"><h3 class='iconbox_content_title '  itemprop=\"headline\" >GERECHT<\/h3><\/header><div class='iconbox_content_container '  itemprop=\"text\" ><div dir=\"ltr\">\n<div style=\"text-align: left;\">\n<div>Wir streben die Schaffung eines gerechten Staates an, d.h. eines Staates, der die individuellen und sozialen Rechte seiner B\u00fcrger wirksam garantiert und nicht zul\u00e4sst, dass diese Rechte im Austausch von Loyalit\u00e4ten gehandelt werden.<\/div>\n<\/div>\n<\/div>\n<div style=\"text-align: left;\"><\/div>\n<\/div><\/div><footer class=\"entry-footer\"><\/footer><\/article><\/div>\n<style type=\"text\/css\" data-created_by=\"avia_inline_auto\" id=\"style-css-av-1mc53j-c470cd56770e5422efb6e2186dba86de\">\n.flex_column.av-1mc53j-c470cd56770e5422efb6e2186dba86de{\nborder-radius:0px 0px 0px 0px;\npadding:0px 0px 0px 0px;\n}\n<\/style>\n<div  class='flex_column av-1mc53j-c470cd56770e5422efb6e2186dba86de av_one_fourth  avia-builder-el-9  el_after_av_one_fourth  avia-builder-el-last  flex_column_div av-zero-column-padding  column-top-margin'     ><style type=\"text\/css\" data-created_by=\"avia_inline_auto\" id=\"style-css-av-1etfq7-bf31410da28b336b434dbf75c14f1068\">\n.iconbox.av-1etfq7-bf31410da28b336b434dbf75c14f1068 .iconbox_icon{\nbackground-color:#361c4f;\ncolor:#ffffff;\n}\n<\/style>\n<article  class='iconbox iconbox_right_content av-1etfq7-bf31410da28b336b434dbf75c14f1068  avia-builder-el-10  avia-builder-el-no-sibling '  itemscope=\"itemscope\" itemtype=\"https:\/\/schema.org\/CreativeWork\" ><div class=\"iconbox_icon heading-color\" aria-hidden='true' data-av_icon='\uf19c' data-av_iconfont='fontello'><\/div><div class=\"iconbox_content\"><header class=\"entry-content-header\"><h3 class='iconbox_content_title '  itemprop=\"headline\" >SOUVER\u00c4N<\/h3><\/header><div class='iconbox_content_container '  itemprop=\"text\" ><div dir=\"ltr\">\n<div>\n<div style=\"text-align: left;\">\n<div dir=\"ltr\">\n<div>\n<div style=\"text-align: left;\">\n<div>\n<div>Wir setzen uns f\u00fcr die Errichtung eines Staates ein, der seine Funktionen gegen\u00fcber seinen B\u00fcrgern als oberster Souver\u00e4n mit gro\u00dfer Wirksamkeit erf\u00fcllt.<\/div>\n<\/div>\n<\/div>\n<\/div>\n<\/div>\n<\/div>\n<\/div>\n<\/div>\n<\/div><\/div><footer class=\"entry-footer\"><\/footer><\/article><\/div>\n","protected":false},"excerpt":{"rendered":"","protected":false},"author":1,"featured_media":11505,"parent":0,"menu_order":0,"comment_status":"open","ping_status":"closed","template":"","meta":{"_price":"","_stock":"","_tribe_ticket_header":"","_tribe_default_ticket_provider":"","_tribe_ticket_capacity":"0","_ticket_start_date":"","_ticket_end_date":"","_tribe_ticket_show_description":"","_tribe_ticket_show_not_going":false,"_tribe_ticket_use_global_stock":"","_tribe_ticket_global_stock_level":"","_global_stock_mode":"","_global_stock_cap":"","_tribe_rsvp_for_event":"","_tribe_ticket_going_count":"","_tribe_ticket_not_going_count":"","_tribe_tickets_list":[],"_tribe_ticket_has_attendee_info_fields":false,"footnotes":""},"yoast_head":"<!-- This site is optimized with the Yoast SEO plugin v21.5 - https:\/\/yoast.com\/wordpress\/plugins\/seo\/ -->\n<title>Home - \u0645\u0648\u0627\u0637\u0646\u0648\u0646 \u0648\u0645\u0648\u0627\u0637\u0646\u0627\u062a \u0641\u064a \u062f\u0648\u0644\u0629<\/title>\n<meta name=\"robots\" content=\"index, follow, max-snippet:-1, max-image-preview:large, max-video-preview:-1\" \/>\n<link rel=\"canonical\" href=\"https:\/\/mmfidawla.com\/de\/\" \/>\n<meta property=\"og:locale\" content=\"de_DE\" \/>\n<meta property=\"og:type\" content=\"article\" \/>\n<meta property=\"og:title\" content=\"Home - \u0645\u0648\u0627\u0637\u0646\u0648\u0646 \u0648\u0645\u0648\u0627\u0637\u0646\u0627\u062a \u0641\u064a \u062f\u0648\u0644\u0629\" \/>\n<meta property=\"og:url\" content=\"https:\/\/mmfidawla.com\/de\/\" \/>\n<meta property=\"og:site_name\" content=\"\u0645\u0648\u0627\u0637\u0646\u0648\u0646 \u0648\u0645\u0648\u0627\u0637\u0646\u0627\u062a \u0641\u064a \u062f\u0648\u0644\u0629\" \/>\n<meta property=\"article:publisher\" content=\"https:\/\/www.facebook.com\/mmfidawla\/\" \/>\n<meta property=\"article:modified_time\" content=\"2021-01-30 12:20:15.000000\" \/>\n<meta property=\"og:image\" content=\"https:\/\/mmfidawla.com\/wp-content\/uploads\/2020\/06\/logo-square-full.jpg\" \/>\n\t<meta property=\"og:image:width\" content=\"720\" \/>\n\t<meta property=\"og:image:height\" content=\"720\" \/>\n\t<meta property=\"og:image:type\" content=\"image\/jpeg\" \/>\n<meta name=\"twitter:card\" content=\"summary_large_image\" \/>\n<meta name=\"twitter:site\" content=\"@mmfidawla\" \/>\n<meta name=\"twitter:label1\" content=\"Gesch\u00e4tzte Lesezeit\" \/>\n\t<meta name=\"twitter:data1\" content=\"2 Minuten\" \/>\n<script type=\"application\/ld+json\" class=\"yoast-schema-graph\">{\"@context\":\"https:\/\/schema.org\",\"@graph\":[{\"@type\":\"WebPage\",\"@id\":\"https:\/\/mmfidawla.com\/de\/\",\"url\":\"https:\/\/mmfidawla.com\/de\/\",\"name\":\"Home - \u0645\u0648\u0627\u0637\u0646\u0648\u0646 \u0648\u0645\u0648\u0627\u0637\u0646\u0627\u062a \u0641\u064a \u062f\u0648\u0644\u0629\",\"isPartOf\":{\"@id\":\"https:\/\/mmfidawla.com\/#website\"},\"datePublished\":\"2021-01-09 18:42:17.000000\",\"dateModified\":\"2021-01-30 12:20:15.000000\",\"breadcrumb\":{\"@id\":\"https:\/\/mmfidawla.com\/de\/#breadcrumb\"},\"inLanguage\":\"de-DE\",\"potentialAction\":[{\"@type\":\"ReadAction\",\"target\":[\"https:\/\/mmfidawla.com\/de\/\"]}]},{\"@type\":\"BreadcrumbList\",\"@id\":\"https:\/\/mmfidawla.com\/de\/#breadcrumb\",\"itemListElement\":[{\"@type\":\"ListItem\",\"position\":1,\"name\":\"Home\",\"item\":\"https:\/\/mmfidawla.com\/de\/\"},{\"@type\":\"ListItem\",\"position\":2,\"name\":\"Home\"}]},{\"@type\":\"WebSite\",\"@id\":\"https:\/\/mmfidawla.com\/#website\",\"url\":\"https:\/\/mmfidawla.com\/\",\"name\":\"\u0645\u0648\u0627\u0637\u0646\u0648\u0646 \u0648\u0645\u0648\u0627\u0637\u0646\u0627\u062a \u0641\u064a \u062f\u0648\u0644\u0629\",\"description\":\"\u0627\u0644\u0625\u0633\u0647\u0627\u0645 \u0627\u0644\u062d\u0627\u0633\u0645 \u0641\u064a \u0628\u0646\u0627\u0621 \u062f\u0648\u0644\u0629 \u0645\u062f\u0646\u064a\u0629\u060c \u062f\u064a\u0645\u0642\u0631\u0627\u0637\u064a\u0629\u060c \u0639\u0627\u062f\u0644\u0629 \u0648\u0642\u0627\u062f\u0631\u0629\",\"publisher\":{\"@id\":\"https:\/\/mmfidawla.com\/#organization\"},\"potentialAction\":[{\"@type\":\"SearchAction\",\"target\":{\"@type\":\"EntryPoint\",\"urlTemplate\":\"https:\/\/mmfidawla.com\/?s={search_term_string}\"},\"query-input\":\"required name=search_term_string\"}],\"inLanguage\":\"de-DE\"},{\"@type\":\"Organization\",\"@id\":\"https:\/\/mmfidawla.com\/#organization\",\"name\":\"\u0645\u0648\u0627\u0637\u0646\u0648\u0646 \u0648\u0645\u0648\u0627\u0637\u0646\u0627\u062a \u0641\u064a \u062f\u0648\u0644\u0629\",\"url\":\"https:\/\/mmfidawla.com\/\",\"logo\":{\"@type\":\"ImageObject\",\"inLanguage\":\"de-DE\",\"@id\":\"https:\/\/mmfidawla.com\/#\/schema\/logo\/image\/\",\"url\":\"https:\/\/mmfidawla.com\/wp-content\/uploads\/2016\/03\/cropped-MMD-logo-final-2.png\",\"contentUrl\":\"https:\/\/mmfidawla.com\/wp-content\/uploads\/2016\/03\/cropped-MMD-logo-final-2.png\",\"width\":842,\"height\":561,\"caption\":\"\u0645\u0648\u0627\u0637\u0646\u0648\u0646 \u0648\u0645\u0648\u0627\u0637\u0646\u0627\u062a \u0641\u064a \u062f\u0648\u0644\u0629\"},\"image\":{\"@id\":\"https:\/\/mmfidawla.com\/#\/schema\/logo\/image\/\"},\"sameAs\":[\"https:\/\/www.facebook.com\/mmfidawla\/\",\"https:\/\/twitter.com\/mmfidawla\",\"https:\/\/www.instagram.com\/mmfidawla\/\",\"http:\/\/youtube.com\/mmfidawla\/\"]}]}<\/script>\n<!-- \/ Yoast SEO plugin. -->","yoast_head_json":{"title":"Home - \u0645\u0648\u0627\u0637\u0646\u0648\u0646 \u0648\u0645\u0648\u0627\u0637\u0646\u0627\u062a \u0641\u064a \u062f\u0648\u0644\u0629","robots":{"index":"index","follow":"follow","max-snippet":"max-snippet:-1","max-image-preview":"max-image-preview:large","max-video-preview":"max-video-preview:-1"},"canonical":"https:\/\/mmfidawla.com\/de\/","og_locale":"de_DE","og_type":"article","og_title":"Home - \u0645\u0648\u0627\u0637\u0646\u0648\u0646 \u0648\u0645\u0648\u0627\u0637\u0646\u0627\u062a \u0641\u064a \u062f\u0648\u0644\u0629","og_url":"https:\/\/mmfidawla.com\/de\/","og_site_name":"\u0645\u0648\u0627\u0637\u0646\u0648\u0646 \u0648\u0645\u0648\u0627\u0637\u0646\u0627\u062a \u0641\u064a \u062f\u0648\u0644\u0629","article_publisher":"https:\/\/www.facebook.com\/mmfidawla\/","article_modified_time":"2021-01-30 12:20:15.000000","og_image":[{"width":720,"height":720,"url":"https:\/\/mmfidawla.com\/wp-content\/uploads\/2020\/06\/logo-square-full.jpg","type":"image\/jpeg"}],"twitter_card":"summary_large_image","twitter_site":"@mmfidawla","twitter_misc":{"Gesch\u00e4tzte Lesezeit":"2 Minuten"},"schema":{"@context":"https:\/\/schema.org","@graph":[{"@type":"WebPage","@id":"https:\/\/mmfidawla.com\/de\/","url":"https:\/\/mmfidawla.com\/de\/","name":"Home - \u0645\u0648\u0627\u0637\u0646\u0648\u0646 \u0648\u0645\u0648\u0627\u0637\u0646\u0627\u062a \u0641\u064a \u062f\u0648\u0644\u0629","isPartOf":{"@id":"https:\/\/mmfidawla.com\/#website"},"datePublished":"2021-01-09 18:42:17.000000","dateModified":"2021-01-30 12:20:15.000000","breadcrumb":{"@id":"https:\/\/mmfidawla.com\/de\/#breadcrumb"},"inLanguage":"de-DE","potentialAction":[{"@type":"ReadAction","target":["https:\/\/mmfidawla.com\/de\/"]}]},{"@type":"BreadcrumbList","@id":"https:\/\/mmfidawla.com\/de\/#breadcrumb","itemListElement":[{"@type":"ListItem","position":1,"name":"Home","item":"https:\/\/mmfidawla.com\/de\/"},{"@type":"ListItem","position":2,"name":"Home"}]},{"@type":"WebSite","@id":"https:\/\/mmfidawla.com\/#website","url":"https:\/\/mmfidawla.com\/","name":"\u0645\u0648\u0627\u0637\u0646\u0648\u0646 \u0648\u0645\u0648\u0627\u0637\u0646\u0627\u062a \u0641\u064a \u062f\u0648\u0644\u0629","description":"\u0627\u0644\u0625\u0633\u0647\u0627\u0645 \u0627\u0644\u062d\u0627\u0633\u0645 \u0641\u064a \u0628\u0646\u0627\u0621 \u062f\u0648\u0644\u0629 \u0645\u062f\u0646\u064a\u0629\u060c \u062f\u064a\u0645\u0642\u0631\u0627\u0637\u064a\u0629\u060c \u0639\u0627\u062f\u0644\u0629 \u0648\u0642\u0627\u062f\u0631\u0629","publisher":{"@id":"https:\/\/mmfidawla.com\/#organization"},"potentialAction":[{"@type":"SearchAction","target":{"@type":"EntryPoint","urlTemplate":"https:\/\/mmfidawla.com\/?s={search_term_string}"},"query-input":"required name=search_term_string"}],"inLanguage":"de-DE"},{"@type":"Organization","@id":"https:\/\/mmfidawla.com\/#organization","name":"\u0645\u0648\u0627\u0637\u0646\u0648\u0646 \u0648\u0645\u0648\u0627\u0637\u0646\u0627\u062a \u0641\u064a \u062f\u0648\u0644\u0629","url":"https:\/\/mmfidawla.com\/","logo":{"@type":"ImageObject","inLanguage":"de-DE","@id":"https:\/\/mmfidawla.com\/#\/schema\/logo\/image\/","url":"https:\/\/mmfidawla.com\/wp-content\/uploads\/2016\/03\/cropped-MMD-logo-final-2.png","contentUrl":"https:\/\/mmfidawla.com\/wp-content\/uploads\/2016\/03\/cropped-MMD-logo-final-2.png","width":842,"height":561,"caption":"\u0645\u0648\u0627\u0637\u0646\u0648\u0646 \u0648\u0645\u0648\u0627\u0637\u0646\u0627\u062a \u0641\u064a \u062f\u0648\u0644\u0629"},"image":{"@id":"https:\/\/mmfidawla.com\/#\/schema\/logo\/image\/"},"sameAs":["https:\/\/www.facebook.com\/mmfidawla\/","https:\/\/twitter.com\/mmfidawla","https:\/\/www.instagram.com\/mmfidawla\/","http:\/\/youtube.com\/mmfidawla\/"]}]}},"_links":{"self":[{"href":"https:\/\/mmfidawla.com\/de\/wp-json\/wp\/v2\/pages\/11480"}],"collection":[{"href":"https:\/\/mmfidawla.com\/de\/wp-json\/wp\/v2\/pages"}],"about":[{"href":"https:\/\/mmfidawla.com\/de\/wp-json\/wp\/v2\/types\/page"}],"author":[{"embeddable":true,"href":"https:\/\/mmfidawla.com\/de\/wp-json\/wp\/v2\/users\/1"}],"replies":[{"embeddable":true,"href":"https:\/\/mmfidawla.com\/de\/wp-json\/wp\/v2\/comments?post=11480"}],"version-history":[{"count":13,"href":"https:\/\/mmfidawla.com\/de\/wp-json\/wp\/v2\/pages\/11480\/revisions"}],"predecessor-version":[{"id":12692,"href":"https:\/\/mmfidawla.com\/de\/wp-json\/wp\/v2\/pages\/11480\/revisions\/12692"}],"wp:featuredmedia":[{"embeddable":true,"href":"https:\/\/mmfidawla.com\/de\/wp-json\/wp\/v2\/media\/11505"}],"wp:attachment":[{"href":"https:\/\/mmfidawla.com\/de\/wp-json\/wp\/v2\/media?parent=11480"}],"curies":[{"name":"wp","href":"https:\/\/api.w.org\/{rel}","templated":true}]}}