{"id":9308,"date":"2020-05-22T02:35:30","date_gmt":"2020-05-21T23:35:30","guid":{"rendered":"http:\/\/mmfidawla.com\/?page_id=9308"},"modified":"2020-06-17T02:43:31","modified_gmt":"2020-06-16T23:43:31","slug":"objectifs","status":"publish","type":"page","link":"https:\/\/mmfidawla.com\/fr\/objectifs\/","title":{"rendered":"But et Objectifs du Mouvement"},"content":{"rendered":"\n<style type=\"text\/css\" data-created_by=\"avia_inline_auto\" id=\"style-css-av-1sz94q-aa02b2006eb3cc93f827e85d95b11d5d\">\n.flex_column.av-1sz94q-aa02b2006eb3cc93f827e85d95b11d5d{\nborder-radius:0px 0px 0px 0px;\npadding:0px 0px 0px 0px;\n}\n<\/style>\n<div  class='flex_column av-1sz94q-aa02b2006eb3cc93f827e85d95b11d5d av_one_fifth  avia-builder-el-0  el_before_av_three_fifth  avia-builder-el-first  first flex_column_div av-zero-column-padding  '     ><\/div>\n\n<style type=\"text\/css\" data-created_by=\"avia_inline_auto\" id=\"style-css-av-1lq67m-6c89bc6ce1dc916932160ff1fbceba74\">\n.flex_column.av-1lq67m-6c89bc6ce1dc916932160ff1fbceba74{\nborder-radius:0px 0px 0px 0px;\npadding:0px 0px 0px 0px;\n}\n<\/style>\n<div  class='flex_column av-1lq67m-6c89bc6ce1dc916932160ff1fbceba74 av_three_fifth  avia-builder-el-1  el_after_av_one_fifth  el_before_av_one_fifth  flex_column_div av-zero-column-padding  '     ><p>\n<style type=\"text\/css\" data-created_by=\"avia_inline_auto\" id=\"style-css-av-1cx99e-687f218a7dd454f7a850f3a369b59b9e\">\n.avia-image-container.av-1cx99e-687f218a7dd454f7a850f3a369b59b9e img.avia_image{\nbox-shadow:none;\n}\n.avia-image-container.av-1cx99e-687f218a7dd454f7a850f3a369b59b9e .av-image-caption-overlay-center{\ncolor:#ffffff;\n}\n<\/style>\n<div  class='avia-image-container av-1cx99e-687f218a7dd454f7a850f3a369b59b9e av-styling- avia-align-center  avia-builder-el-2  el_before_av_hr  avia-builder-el-first '   itemprop=\"image\" itemscope=\"itemscope\" itemtype=\"https:\/\/schema.org\/ImageObject\" ><div class=\"avia-image-container-inner\"><div class=\"avia-image-overlay-wrap\"><img decoding=\"async\" fetchpriority=\"high\" class='wp-image-4987 avia-img-lazy-loading-not-4987 avia_image ' src=\"https:\/\/mmfidawla.com\/wp-content\/uploads\/2015\/07\/twitter-coverphoto-nologo-1500x430.jpg\" alt='' title='twitter-coverphoto-nologo'  height=\"430\" width=\"1500\"  itemprop=\"thumbnailUrl\"  \/><\/div><\/div><\/div><br \/>\n\n<style type=\"text\/css\" data-created_by=\"avia_inline_auto\" id=\"style-css-av-1a2s7u-c4bb97db8dc3501be109579b0f7ea261\">\n#top .hr.hr-invisible.av-1a2s7u-c4bb97db8dc3501be109579b0f7ea261{\nheight:50px;\n}\n<\/style>\n<div  class='hr av-1a2s7u-c4bb97db8dc3501be109579b0f7ea261 hr-invisible  avia-builder-el-3  el_after_av_image  el_before_av_textblock '><span class='hr-inner '><span class=\"hr-inner-style\"><\/span><\/span><\/div><br \/>\n\n<style type=\"text\/css\" data-created_by=\"avia_inline_auto\" id=\"style-css-av-12isju-6a3e61ab95514c302056b8e056f9289b\">\n#top .av_textblock_section.av-12isju-6a3e61ab95514c302056b8e056f9289b .avia_textblock{\ncolor:#0a0a0a;\n}\n<\/style>\n<section  class='av_textblock_section av-12isju-6a3e61ab95514c302056b8e056f9289b '   itemscope=\"itemscope\" itemtype=\"https:\/\/schema.org\/CreativeWork\" ><div class='avia_textblock av_inherit_color'  itemprop=\"text\" ><h1>But et Objectifs du Mouvement<\/h1>\n<ul>\n<li>L\u2019organisation \u00ab\u00a0Citoyens et Citoyennes dans un \u00c9tat\u00a0\u00bb a pour but de lancer un mouvement politique organis\u00e9 qui vise \u00e0 apporter une contribution d\u00e9cisive \u00e0 la cr\u00e9ation d\u2019un \u00c9tat \u00e0 part enti\u00e8re au Liban; un \u00c9tat La\u00efc, D\u00e9mocratique, Juste et Capable ainsi que de restaurer le sens de l\u2019action publique et conforter son efficacit\u00e9 et cela en invitant le citoyen, \u00e0 travers la production de connaissances et les exp\u00e9riences de lutte, \u00e0 faire le choix de l\u2019\u00e9tablissement de l\u2019\u00c9tat \u00e9tant donn\u00e9 qu\u2019il est le garant de ses droits fondamentaux et de sa dignit\u00e9 humaine.<\/li>\n<li>La situation locale, r\u00e9gionale et mondiale dans ces circonstances historiques justifie la priorit\u00e9 accord\u00e9e \u00e0 l\u2019\u00e9tablissement d\u2019un \u00c9tat puisque l\u2019\u00c9tat, ici et maintenant, est un besoin fonctionnel pour pr\u00e9server la soci\u00e9t\u00e9. Tout en sachant tr\u00e8s bien que l\u2019\u00c9tat n\u2019est autre qu\u2019un agencement ponctuel et circonstanciel qui peut adopter diff\u00e9rentes formes plus ou moins stables, efficaces et valorisantes dont l\u2019adaptation se trouve au c\u0153ur de l\u2019action politique.<\/li>\n<li>L&rsquo;\u00c9tat est l&rsquo;institution \u00e0 laquelle une soci\u00e9t\u00e9 d\u00e9termin\u00e9e d\u00e9l\u00e8gue la formulation des r\u00f4les collectifs et individuels qui se forment en son sein et la hi\u00e9rarchisation qui en r\u00e9sulte. Une formulation qui constitue un syst\u00e8me de r\u00e9f\u00e9rence th\u00e9orique et c&rsquo;est donc une institution qui revendique le droit et la responsabilit\u00e9, admis par la soci\u00e9t\u00e9, d&rsquo;imposer le respect de ce syst\u00e8me, c&rsquo;est-\u00e0-dire l&rsquo;acquisition du pouvoir.Une multitude de soci\u00e9t\u00e9s sont incapables de construire un \u00c9tat, mais bien au contraire, ces soci\u00e9t\u00e9s r\u00e9sisteront aux tentatives de son \u00e9tablissement, car ce dernier a tendance dans les situations d\u00e9licates qui menacent sa structure, \u00e0 affronter les positions d&rsquo;autorit\u00e9 soci\u00e9tale, et en g\u00e9n\u00e9ral assigne ce que nous appelons des responsabilit\u00e9s que tentent d\u2019\u00e9viter les autorit\u00e9s sub-\u00e9tatiques \u00e0 travers le repli, la d\u00e9pendance, la man\u0153uvre ou \u00ab\u00a0la distanciation\u00a0\u00bb. L\u2019\u00c9tat accro\u00eet le niveau des risques et les gains potentiels, puisqu\u2019il entretient des relations directes avec la r\u00e9alit\u00e9 int\u00e9rieure et l\u2019ext\u00e9rieur.<\/li>\n<li>L&rsquo;efficacit\u00e9 de l&rsquo;\u00c9tat est d\u00e9termin\u00e9e, \u00e0 l\u2019int\u00e9rieur comme \u00e0 l\u2019ext\u00e9rieur, par sa capacit\u00e9 \u00e0 mobiliser ses propres ressources au moindre co\u00fbt, c&rsquo;est-\u00e0-dire sur l&rsquo;\u00e9tendue de sa l\u00e9gitimit\u00e9.Il acquiert sa l\u00e9gitimit\u00e9, c&rsquo;est-\u00e0-dire l\u2019acceptation par les citoyens de son autorit\u00e9, tout d&rsquo;abord, \u00e0 travers l\u2019engagement strict de son appareil \u00e0 avancer l&rsquo;int\u00e9r\u00eat public qu\u2019il pr\u00e9tend repr\u00e9senter face \u00e0 tout autre int\u00e9r\u00eat soit-il collectif ou individuel. C\u2019est ce qu\u2019on qualifie de bonne gouvernance en opposition \u00e0 la corruption de l&rsquo;\u00c9tat.\u00a0L&rsquo;int\u00e9r\u00eat public n&rsquo;est pas un ensemble d\u2019id\u00e9es abstraites, mais plut\u00f4t une repr\u00e9sentation admise par la soci\u00e9t\u00e9 (et pas n\u00e9cessairement dans les textes) des fonctions de contr\u00f4le qui justifient originellement la cr\u00e9ation de l&rsquo;\u00c9tat en tant qu&rsquo;appareil qui mobilise les ressources et s\u2019emploie \u00e0 les r\u00e9partir en r\u00f4les et groupes sociaux.\u00a0La nature formelle et professionnelle de l&rsquo;\u00c9tat requiert l&rsquo;\u00e9laboration de cadres r\u00e9glementaires pour son travail et ces cadres impliquent une contrainte fondatrice entre l&rsquo;acquisition de la l\u00e9gitimit\u00e9, c&rsquo;est-\u00e0-dire la loyaut\u00e9, en \u00e9change de l&rsquo;octroi ou de l\u2019acquisition de droits.<\/li>\n<li>Cependant, la structure conceptuelle formelle de l&rsquo;\u00c9tat, que ce soit dans ses formes juridiques modernes ou religieuses traditionnelles, et malgr\u00e9 le fait qu\u2019elle revendique la caract\u00e9ristique fondatrice de son r\u00f4le, ne peut \u00eatre dissoci\u00e9e des r\u00f4les collectifs et individuels form\u00e9s au sein de la soci\u00e9t\u00e9. Ces r\u00f4les ne sont pas fixes et cela en raison des \u00e9volutions historiques de la soci\u00e9t\u00e9 et du monde.Par cons\u00e9quent, l&rsquo;\u00c9tat est tiraill\u00e9 par le paradoxe entre son engagement \u00e0 servir \u00ab\u00a0l\u2019int\u00e9r\u00eat public\u00a0\u00bb et de cadrer et r\u00e9soudre les diff\u00e9rends d\u2019une part et son adaptation aux exigences du syst\u00e8me soci\u00e9tal et ses int\u00e9r\u00eats pr\u00e9dominants et changeants d&rsquo;autre part.\u00a0L\u2019\u00c9tat est donc \u00e0 la fois un outil de gestion des int\u00e9r\u00eats de la soci\u00e9t\u00e9 selon des r\u00e8gles sp\u00e9cifiques et un espace permanent de confrontations politiques qui refl\u00e8tent les tentatives de blocs d&rsquo;int\u00e9r\u00eats \u00e0 changer les r\u00e8gles de gestion de la soci\u00e9t\u00e9.\u00a0D&rsquo;o\u00f9 la n\u00e9cessit\u00e9 de faire la distinction entre la gestion et la politique ainsi que le danger de n\u00e9gliger ou dissimuler l&rsquo;une ou l&rsquo;autre des deux facettes.<\/li>\n<li>Et puisque l&rsquo;\u00c9tat est par nature un agencement ponctuel, s\u00e9parant l&rsquo;int\u00e9rieur de l&rsquo;ext\u00e9rieur, en terme d\u2019individus et de territoire, avec pour objectif d&rsquo;organiser l&rsquo;interaction entre eux de mani\u00e8re \u00e0 servir les int\u00e9r\u00eats de l&rsquo;int\u00e9rieur, le projet Libanais pour l&rsquo;\u00c9tat, dans la mesure o\u00f9 il repr\u00e9sente une valeur pour les citoyens en son sein, est de fait un projet politique pour la r\u00e9gion et le monde dont le succ\u00e8s pr\u00e9senterait un nouveau mod\u00e8le justifiant la n\u00e9cessit\u00e9 et de la l\u00e9gitimit\u00e9 de la cr\u00e9ation d\u2019\u00c9tats dans l&rsquo;espace r\u00e9gional, \u00e0 commencer par les relations entre les \u00c9tats Libanais et Syrien.Ce projet se trouve en opposition \u00e0 un cheminement long et enracin\u00e9 dont la manifestation est la fragmentation de la soci\u00e9t\u00e9 et dont le fondement est la relation indirecte avec le pouvoir et la s\u00e9paration abrupte entre les structures de la soci\u00e9t\u00e9 et le pouvoir de fait. Enfin, ce projet se refl\u00e8te dans le cours historique et politique ainsi que dans les mod\u00e8les de comportement individuels et soci\u00e9taux.\u00a0Dans le cours historique, le pouvoir s\u2019est impos\u00e9 comme s&rsquo;il \u00e9tait ext\u00e9rieur \u00e0 la soci\u00e9t\u00e9, que ce soit un Sultanat, un \u00c9tat colonial, un \u00c9tat \u00ab\u00a0ind\u00e9pendant\u00a0\u00bb ou un r\u00e9gime militaire. Par cons\u00e9quent, la soci\u00e9t\u00e9 cherche \u00e0 rester dans les bonnes gr\u00e2ces du pouvoir lorsqu\u2019elle le craint et essaie de s\u2019en emparer\u00a0lorsqu\u2019elle le peut. De son c\u00f4t\u00e9, le pouvoir traite avec les r\u00e9alit\u00e9s soci\u00e9tales de la m\u00eame fa\u00e7on m\u00ealant tr\u00eave et oppression.\u00a0Cette interaction r\u00e9ciproque entra\u00eene une vuln\u00e9rabilit\u00e9 envers l\u2019ext\u00e9rieur, ce qui lui permet, \u00e0 tout moment, d&rsquo;exploiter plus facilement le d\u00e9s\u00e9quilibre entre les ressources humaines, mat\u00e9rielles et intellectuelles qui r\u00e9sulte de cette fragmentation pour apprivoiser les pouvoirs \u00e9tablis.\u00a0Par cons\u00e9quent,\u00a0l\u2019autoritarisme,\u00a0l\u2019injustice, l\u2019ignorance, le d\u00e9sespoir et la destruction se perp\u00e9tuent, \u00e0 commencer par l&rsquo;occupation sioniste de la Palestine jusqu\u2019\u00e0 l\u2019asservissement honteux \u00e0 l\u2019ext\u00e9rieur adopt\u00e9 par plusieurs r\u00e9gimes.<\/li>\n<\/ul>\n<\/div><\/section><br \/>\n\n<style type=\"text\/css\" data-created_by=\"avia_inline_auto\" id=\"style-css-av-uiyo2-d483c048820b9401a039012df4e8f273\">\n#top .hr.hr-invisible.av-uiyo2-d483c048820b9401a039012df4e8f273{\nheight:50px;\n}\n<\/style>\n<div  class='hr av-uiyo2-d483c048820b9401a039012df4e8f273 hr-invisible  avia-builder-el-5  el_after_av_textblock  el_before_av_hr '><span class='hr-inner '><span class=\"hr-inner-style\"><\/span><\/span><\/div><br \/>\n\n<style type=\"text\/css\" data-created_by=\"avia_inline_auto\" id=\"style-css-av-ihsj6-7c44a7ffc2adc6794011c9024ab60fa5\">\n#top .hr.hr-invisible.av-ihsj6-7c44a7ffc2adc6794011c9024ab60fa5{\nheight:50px;\n}\n<\/style>\n<div  class='hr av-ihsj6-7c44a7ffc2adc6794011c9024ab60fa5 hr-invisible  avia-builder-el-6  el_after_av_hr  el_before_av_social_share '><span class='hr-inner '><span class=\"hr-inner-style\"><\/span><\/span><\/div><br \/>\n<div  class='av-social-sharing-box av-ehgjm-46421de3fcb3779a7b29b20512d383ae av-social-sharing-box-default  avia-builder-el-7  el_after_av_hr  avia-builder-el-last  av-social-sharing-box-fullwidth'><div class=\"av-share-box\"><ul class=\"av-share-box-list noLightbox\"><li class='av-share-link av-social-link-facebook' ><a target=\"_blank\" aria-label=\"Partager sur Facebook\" href='https:\/\/www.facebook.com\/sharer.php?u=https:\/\/mmfidawla.com\/fr\/objectifs\/&#038;t=But%20et%20Objectifs%20du%20Mouvement' aria-hidden='false' data-av_icon='\ue8f3' data-av_iconfont='entypo-fontello' title='' data-avia-related-tooltip='Partager sur Facebook' rel=\"noopener\"><span class='avia_hidden_link_text'>Partager sur Facebook<\/span><\/a><\/li><li class='av-share-link av-social-link-twitter' ><a target=\"_blank\" aria-label=\"Partager sur Twitter\" href='https:\/\/twitter.com\/share?text=But%20et%20Objectifs%20du%20Mouvement&#038;url=https:\/\/mmfidawla.com\/fr\/?p=9308' aria-hidden='false' data-av_icon='\ue932' data-av_iconfont='entypo-fontello' title='' data-avia-related-tooltip='Partager sur Twitter' rel=\"noopener\"><span class='avia_hidden_link_text'>Partager sur Twitter<\/span><\/a><\/li><li class='av-share-link av-social-link-pinterest' ><a target=\"_blank\" aria-label=\"Partager sur Pinterest\" href='https:\/\/pinterest.com\/pin\/create\/button\/?url=https%3A%2F%2Fmmfidawla.com%2Ffr%2Fobjectifs%2F&#038;description=But%20et%20Objectifs%20du%20Mouvement&#038;media=' aria-hidden='false' data-av_icon='\ue8f8' data-av_iconfont='entypo-fontello' title='' data-avia-related-tooltip='Partager sur Pinterest' rel=\"noopener\"><span class='avia_hidden_link_text'>Partager sur Pinterest<\/span><\/a><\/li><li class='av-share-link av-social-link-linkedin' ><a target=\"_blank\" aria-label=\"Partager sur LinkedIn\" href='https:\/\/linkedin.com\/shareArticle?mini=true&#038;title=But%20et%20Objectifs%20du%20Mouvement&#038;url=https:\/\/mmfidawla.com\/fr\/objectifs\/' aria-hidden='false' data-av_icon='\ue8fc' data-av_iconfont='entypo-fontello' title='' data-avia-related-tooltip='Partager sur LinkedIn' rel=\"noopener\"><span class='avia_hidden_link_text'>Partager sur LinkedIn<\/span><\/a><\/li><li class='av-share-link av-social-link-tumblr' ><a target=\"_blank\" aria-label=\"Partager sur Tumblr\" href='https:\/\/www.tumblr.com\/share\/link?url=https%3A%2F%2Fmmfidawla.com%2Ffr%2Fobjectifs%2F&#038;name=But%20et%20Objectifs%20du%20Mouvement&#038;description=' aria-hidden='false' data-av_icon='\ue8fa' data-av_iconfont='entypo-fontello' title='' data-avia-related-tooltip='Partager sur Tumblr' rel=\"noopener\"><span class='avia_hidden_link_text'>Partager sur Tumblr<\/span><\/a><\/li><li class='av-share-link av-social-link-mail' ><a  aria-label=\"Partager par Mail\" href='mailto:?subject=But%20et%20Objectifs%20du%20Mouvement&#038;body=https:\/\/mmfidawla.com\/fr\/objectifs\/' aria-hidden='false' data-av_icon='\ue805' data-av_iconfont='entypo-fontello' title='' data-avia-related-tooltip='Partager par Mail'><span class='avia_hidden_link_text'>Partager par Mail<\/span><\/a><\/li><\/ul><\/div><\/div><\/p><\/div>\n<style type=\"text\/css\" data-created_by=\"avia_inline_auto\" id=\"style-css-av-x6m2-653d7202bdc6dacfd71e9b9c0ac8e9f9\">\n.flex_column.av-x6m2-653d7202bdc6dacfd71e9b9c0ac8e9f9{\nborder-radius:0px 0px 0px 0px;\npadding:0px 0px 0px 0px;\n}\n<\/style>\n<div  class='flex_column av-x6m2-653d7202bdc6dacfd71e9b9c0ac8e9f9 av_one_fifth  avia-builder-el-8  el_after_av_three_fifth  avia-builder-el-last  flex_column_div av-zero-column-padding  '     ><\/div>\n","protected":false},"excerpt":{"rendered":"","protected":false},"author":5,"featured_media":0,"parent":0,"menu_order":0,"comment_status":"closed","ping_status":"closed","template":"","meta":{"_price":"","_stock":"","_tribe_ticket_header":"","_tribe_default_ticket_provider":"","_tribe_ticket_capacity":"0","_ticket_start_date":"","_ticket_end_date":"","_tribe_ticket_show_description":"","_tribe_ticket_show_not_going":false,"_tribe_ticket_use_global_stock":"","_tribe_ticket_global_stock_level":"","_global_stock_mode":"","_global_stock_cap":"","_tribe_rsvp_for_event":"","_tribe_ticket_going_count":"","_tribe_ticket_not_going_count":"","_tribe_tickets_list":[],"_tribe_ticket_has_attendee_info_fields":false,"footnotes":""},"yoast_head":"<!-- This site is optimized with the Yoast SEO plugin v21.5 - https:\/\/yoast.com\/wordpress\/plugins\/seo\/ -->\n<title>But et Objectifs du Mouvement - \u0645\u0648\u0627\u0637\u0646\u0648\u0646 \u0648\u0645\u0648\u0627\u0637\u0646\u0627\u062a \u0641\u064a \u062f\u0648\u0644\u0629<\/title>\n<meta name=\"robots\" content=\"index, follow, max-snippet:-1, max-image-preview:large, max-video-preview:-1\" \/>\n<link rel=\"canonical\" href=\"https:\/\/mmfidawla.com\/fr\/objectifs\/\" \/>\n<meta property=\"og:locale\" content=\"fr_FR\" \/>\n<meta property=\"og:type\" content=\"article\" \/>\n<meta property=\"og:title\" content=\"But et Objectifs du Mouvement - \u0645\u0648\u0627\u0637\u0646\u0648\u0646 \u0648\u0645\u0648\u0627\u0637\u0646\u0627\u062a \u0641\u064a \u062f\u0648\u0644\u0629\" \/>\n<meta property=\"og:url\" content=\"https:\/\/mmfidawla.com\/fr\/objectifs\/\" \/>\n<meta property=\"og:site_name\" content=\"\u0645\u0648\u0627\u0637\u0646\u0648\u0646 \u0648\u0645\u0648\u0627\u0637\u0646\u0627\u062a \u0641\u064a \u062f\u0648\u0644\u0629\" \/>\n<meta property=\"article:publisher\" content=\"https:\/\/www.facebook.com\/mmfidawla\/\" \/>\n<meta property=\"article:modified_time\" content=\"2020-06-16 23:43:31.000000\" \/>\n<meta name=\"twitter:card\" content=\"summary_large_image\" \/>\n<meta name=\"twitter:site\" content=\"@mmfidawla\" \/>\n<meta name=\"twitter:label1\" content=\"Dur\u00e9e de lecture est.\" \/>\n\t<meta name=\"twitter:data1\" content=\"8 minutes\" \/>\n<script type=\"application\/ld+json\" class=\"yoast-schema-graph\">{\"@context\":\"https:\/\/schema.org\",\"@graph\":[{\"@type\":\"WebPage\",\"@id\":\"https:\/\/mmfidawla.com\/fr\/objectifs\/\",\"url\":\"https:\/\/mmfidawla.com\/fr\/objectifs\/\",\"name\":\"But et Objectifs du Mouvement - \u0645\u0648\u0627\u0637\u0646\u0648\u0646 \u0648\u0645\u0648\u0627\u0637\u0646\u0627\u062a \u0641\u064a \u062f\u0648\u0644\u0629\",\"isPartOf\":{\"@id\":\"https:\/\/mmfidawla.com\/#website\"},\"datePublished\":\"2020-05-21 23:35:30.000000\",\"dateModified\":\"2020-06-16 23:43:31.000000\",\"breadcrumb\":{\"@id\":\"https:\/\/mmfidawla.com\/fr\/objectifs\/#breadcrumb\"},\"inLanguage\":\"fr-FR\",\"potentialAction\":[{\"@type\":\"ReadAction\",\"target\":[\"https:\/\/mmfidawla.com\/fr\/objectifs\/\"]}]},{\"@type\":\"BreadcrumbList\",\"@id\":\"https:\/\/mmfidawla.com\/fr\/objectifs\/#breadcrumb\",\"itemListElement\":[{\"@type\":\"ListItem\",\"position\":1,\"name\":\"Home\",\"item\":\"https:\/\/mmfidawla.com\/fr\/\"},{\"@type\":\"ListItem\",\"position\":2,\"name\":\"But et Objectifs du Mouvement\"}]},{\"@type\":\"WebSite\",\"@id\":\"https:\/\/mmfidawla.com\/#website\",\"url\":\"https:\/\/mmfidawla.com\/\",\"name\":\"\u0645\u0648\u0627\u0637\u0646\u0648\u0646 \u0648\u0645\u0648\u0627\u0637\u0646\u0627\u062a \u0641\u064a \u062f\u0648\u0644\u0629\",\"description\":\"\u062d\u0631\u0643\u0629 \u062a\u062c\u0645\u0639 \u0627\u0644\u0639\u0627\u0645\u0644\u064a\u0646 \u0641\u064a \u0627\u0644\u0634\u0623\u0646 \u0627\u0644\u0639\u0627\u0645 \u0639\u0644\u0649 \u0643\u0644\u0651 \u0627\u0644\u062c\u063a\u0631\u0627\u0641\u064a\u0627 \u0627\u0644\u0644\u0628\u0646\u0627\u0646\u064a\u0629\u060c \u0628\u0647\u062f\u0641 \u062a\u062d\u0645\u0651\u0644 \u0627\u0644\u0645\u0633\u0624\u0648\u0644\u064a\u0629 \u0639\u0644\u0649 \u0623\u0633\u0627\u0633 \u0627\u0644\u0645\u0648\u0627\u0637\u0646\u064a\u0651\u0629\u060c \u0635\u064a\u063a\u0629\u064b \u0628\u062f\u064a\u0644\u0629 \u0639\u0646 \u0627\u0644\u062a\u0628\u0639\u064a\u0651\u0627\u062a \u0627\u0644\u0645\u0641\u0631\u0648\u0636\u0629 \u0648\u0627\u0644\u0645\u0623\u0632\u0648\u0645\u0629\",\"publisher\":{\"@id\":\"https:\/\/mmfidawla.com\/#organization\"},\"potentialAction\":[{\"@type\":\"SearchAction\",\"target\":{\"@type\":\"EntryPoint\",\"urlTemplate\":\"https:\/\/mmfidawla.com\/?s={search_term_string}\"},\"query-input\":\"required name=search_term_string\"}],\"inLanguage\":\"fr-FR\"},{\"@type\":\"Organization\",\"@id\":\"https:\/\/mmfidawla.com\/#organization\",\"name\":\"\u0645\u0648\u0627\u0637\u0646\u0648\u0646 \u0648\u0645\u0648\u0627\u0637\u0646\u0627\u062a \u0641\u064a \u062f\u0648\u0644\u0629\",\"url\":\"https:\/\/mmfidawla.com\/\",\"logo\":{\"@type\":\"ImageObject\",\"inLanguage\":\"fr-FR\",\"@id\":\"https:\/\/mmfidawla.com\/#\/schema\/logo\/image\/\",\"url\":\"https:\/\/mmfidawla.com\/wp-content\/uploads\/2016\/03\/cropped-MMD-logo-final-2.png\",\"contentUrl\":\"https:\/\/mmfidawla.com\/wp-content\/uploads\/2016\/03\/cropped-MMD-logo-final-2.png\",\"width\":842,\"height\":561,\"caption\":\"\u0645\u0648\u0627\u0637\u0646\u0648\u0646 \u0648\u0645\u0648\u0627\u0637\u0646\u0627\u062a \u0641\u064a \u062f\u0648\u0644\u0629\"},\"image\":{\"@id\":\"https:\/\/mmfidawla.com\/#\/schema\/logo\/image\/\"},\"sameAs\":[\"https:\/\/www.facebook.com\/mmfidawla\/\",\"https:\/\/twitter.com\/mmfidawla\",\"https:\/\/www.instagram.com\/mmfidawla\/\",\"http:\/\/youtube.com\/mmfidawla\/\"]}]}<\/script>\n<!-- \/ Yoast SEO plugin. -->","yoast_head_json":{"title":"But et Objectifs du Mouvement - \u0645\u0648\u0627\u0637\u0646\u0648\u0646 \u0648\u0645\u0648\u0627\u0637\u0646\u0627\u062a \u0641\u064a \u062f\u0648\u0644\u0629","robots":{"index":"index","follow":"follow","max-snippet":"max-snippet:-1","max-image-preview":"max-image-preview:large","max-video-preview":"max-video-preview:-1"},"canonical":"https:\/\/mmfidawla.com\/fr\/objectifs\/","og_locale":"fr_FR","og_type":"article","og_title":"But et Objectifs du Mouvement - \u0645\u0648\u0627\u0637\u0646\u0648\u0646 \u0648\u0645\u0648\u0627\u0637\u0646\u0627\u062a \u0641\u064a \u062f\u0648\u0644\u0629","og_url":"https:\/\/mmfidawla.com\/fr\/objectifs\/","og_site_name":"\u0645\u0648\u0627\u0637\u0646\u0648\u0646 \u0648\u0645\u0648\u0627\u0637\u0646\u0627\u062a \u0641\u064a \u062f\u0648\u0644\u0629","article_publisher":"https:\/\/www.facebook.com\/mmfidawla\/","article_modified_time":"2020-06-16 23:43:31.000000","twitter_card":"summary_large_image","twitter_site":"@mmfidawla","twitter_misc":{"Dur\u00e9e de lecture est.":"8 minutes"},"schema":{"@context":"https:\/\/schema.org","@graph":[{"@type":"WebPage","@id":"https:\/\/mmfidawla.com\/fr\/objectifs\/","url":"https:\/\/mmfidawla.com\/fr\/objectifs\/","name":"But et Objectifs du Mouvement - \u0645\u0648\u0627\u0637\u0646\u0648\u0646 \u0648\u0645\u0648\u0627\u0637\u0646\u0627\u062a \u0641\u064a \u062f\u0648\u0644\u0629","isPartOf":{"@id":"https:\/\/mmfidawla.com\/#website"},"datePublished":"2020-05-21 23:35:30.000000","dateModified":"2020-06-16 23:43:31.000000","breadcrumb":{"@id":"https:\/\/mmfidawla.com\/fr\/objectifs\/#breadcrumb"},"inLanguage":"fr-FR","potentialAction":[{"@type":"ReadAction","target":["https:\/\/mmfidawla.com\/fr\/objectifs\/"]}]},{"@type":"BreadcrumbList","@id":"https:\/\/mmfidawla.com\/fr\/objectifs\/#breadcrumb","itemListElement":[{"@type":"ListItem","position":1,"name":"Home","item":"https:\/\/mmfidawla.com\/fr\/"},{"@type":"ListItem","position":2,"name":"But et Objectifs du Mouvement"}]},{"@type":"WebSite","@id":"https:\/\/mmfidawla.com\/#website","url":"https:\/\/mmfidawla.com\/","name":"\u0645\u0648\u0627\u0637\u0646\u0648\u0646 \u0648\u0645\u0648\u0627\u0637\u0646\u0627\u062a \u0641\u064a \u062f\u0648\u0644\u0629","description":"\u062d\u0631\u0643\u0629 \u062a\u062c\u0645\u0639 \u0627\u0644\u0639\u0627\u0645\u0644\u064a\u0646 \u0641\u064a \u0627\u0644\u0634\u0623\u0646 \u0627\u0644\u0639\u0627\u0645 \u0639\u0644\u0649 \u0643\u0644\u0651 \u0627\u0644\u062c\u063a\u0631\u0627\u0641\u064a\u0627 \u0627\u0644\u0644\u0628\u0646\u0627\u0646\u064a\u0629\u060c \u0628\u0647\u062f\u0641 \u062a\u062d\u0645\u0651\u0644 \u0627\u0644\u0645\u0633\u0624\u0648\u0644\u064a\u0629 \u0639\u0644\u0649 \u0623\u0633\u0627\u0633 \u0627\u0644\u0645\u0648\u0627\u0637\u0646\u064a\u0651\u0629\u060c \u0635\u064a\u063a\u0629\u064b \u0628\u062f\u064a\u0644\u0629 \u0639\u0646 \u0627\u0644\u062a\u0628\u0639\u064a\u0651\u0627\u062a \u0627\u0644\u0645\u0641\u0631\u0648\u0636\u0629 \u0648\u0627\u0644\u0645\u0623\u0632\u0648\u0645\u0629","publisher":{"@id":"https:\/\/mmfidawla.com\/#organization"},"potentialAction":[{"@type":"SearchAction","target":{"@type":"EntryPoint","urlTemplate":"https:\/\/mmfidawla.com\/?s={search_term_string}"},"query-input":"required name=search_term_string"}],"inLanguage":"fr-FR"},{"@type":"Organization","@id":"https:\/\/mmfidawla.com\/#organization","name":"\u0645\u0648\u0627\u0637\u0646\u0648\u0646 \u0648\u0645\u0648\u0627\u0637\u0646\u0627\u062a \u0641\u064a \u062f\u0648\u0644\u0629","url":"https:\/\/mmfidawla.com\/","logo":{"@type":"ImageObject","inLanguage":"fr-FR","@id":"https:\/\/mmfidawla.com\/#\/schema\/logo\/image\/","url":"https:\/\/mmfidawla.com\/wp-content\/uploads\/2016\/03\/cropped-MMD-logo-final-2.png","contentUrl":"https:\/\/mmfidawla.com\/wp-content\/uploads\/2016\/03\/cropped-MMD-logo-final-2.png","width":842,"height":561,"caption":"\u0645\u0648\u0627\u0637\u0646\u0648\u0646 \u0648\u0645\u0648\u0627\u0637\u0646\u0627\u062a \u0641\u064a \u062f\u0648\u0644\u0629"},"image":{"@id":"https:\/\/mmfidawla.com\/#\/schema\/logo\/image\/"},"sameAs":["https:\/\/www.facebook.com\/mmfidawla\/","https:\/\/twitter.com\/mmfidawla","https:\/\/www.instagram.com\/mmfidawla\/","http:\/\/youtube.com\/mmfidawla\/"]}]}},"_links":{"self":[{"href":"https:\/\/mmfidawla.com\/fr\/wp-json\/wp\/v2\/pages\/9308"}],"collection":[{"href":"https:\/\/mmfidawla.com\/fr\/wp-json\/wp\/v2\/pages"}],"about":[{"href":"https:\/\/mmfidawla.com\/fr\/wp-json\/wp\/v2\/types\/page"}],"author":[{"embeddable":true,"href":"https:\/\/mmfidawla.com\/fr\/wp-json\/wp\/v2\/users\/5"}],"replies":[{"embeddable":true,"href":"https:\/\/mmfidawla.com\/fr\/wp-json\/wp\/v2\/comments?post=9308"}],"version-history":[{"count":7,"href":"https:\/\/mmfidawla.com\/fr\/wp-json\/wp\/v2\/pages\/9308\/revisions"}],"predecessor-version":[{"id":9430,"href":"https:\/\/mmfidawla.com\/fr\/wp-json\/wp\/v2\/pages\/9308\/revisions\/9430"}],"wp:attachment":[{"href":"https:\/\/mmfidawla.com\/fr\/wp-json\/wp\/v2\/media?parent=9308"}],"curies":[{"name":"wp","href":"https:\/\/api.w.org\/{rel}","templated":true}]}}