{"id":9320,"date":"2020-05-23T01:50:59","date_gmt":"2020-05-22T22:50:59","guid":{"rendered":"http:\/\/mmfidawla.com\/?page_id=9320"},"modified":"2020-06-07T23:59:43","modified_gmt":"2020-06-07T20:59:43","slug":"organisation","status":"publish","type":"page","link":"https:\/\/mmfidawla.com\/fr\/organisation\/","title":{"rendered":"Organisation"},"content":{"rendered":"\n<style type=\"text\/css\" data-created_by=\"avia_inline_auto\" id=\"style-css-av-1sz94q-aa02b2006eb3cc93f827e85d95b11d5d\">\n.flex_column.av-1sz94q-aa02b2006eb3cc93f827e85d95b11d5d{\nborder-radius:0px 0px 0px 0px;\npadding:0px 0px 0px 0px;\n}\n<\/style>\n<div  class='flex_column av-1sz94q-aa02b2006eb3cc93f827e85d95b11d5d av_one_fifth  avia-builder-el-0  el_before_av_three_fifth  avia-builder-el-first  first flex_column_div av-zero-column-padding  '     ><\/div>\n\n<style type=\"text\/css\" data-created_by=\"avia_inline_auto\" id=\"style-css-av-1lq67m-6c89bc6ce1dc916932160ff1fbceba74\">\n.flex_column.av-1lq67m-6c89bc6ce1dc916932160ff1fbceba74{\nborder-radius:0px 0px 0px 0px;\npadding:0px 0px 0px 0px;\n}\n<\/style>\n<div  class='flex_column av-1lq67m-6c89bc6ce1dc916932160ff1fbceba74 av_three_fifth  avia-builder-el-1  el_after_av_one_fifth  el_before_av_one_fifth  flex_column_div av-zero-column-padding  '     ><p>\n<style type=\"text\/css\" data-created_by=\"avia_inline_auto\" id=\"style-css-av-1cx99e-687f218a7dd454f7a850f3a369b59b9e\">\n.avia-image-container.av-1cx99e-687f218a7dd454f7a850f3a369b59b9e img.avia_image{\nbox-shadow:none;\n}\n.avia-image-container.av-1cx99e-687f218a7dd454f7a850f3a369b59b9e .av-image-caption-overlay-center{\ncolor:#ffffff;\n}\n<\/style>\n<div  class='avia-image-container av-1cx99e-687f218a7dd454f7a850f3a369b59b9e av-styling- avia-align-center  avia-builder-el-2  el_before_av_hr  avia-builder-el-first '   itemprop=\"image\" itemscope=\"itemscope\" itemtype=\"https:\/\/schema.org\/ImageObject\" ><div class=\"avia-image-container-inner\"><div class=\"avia-image-overlay-wrap\"><img decoding=\"async\" fetchpriority=\"high\" class='wp-image-4987 avia-img-lazy-loading-not-4987 avia_image ' src=\"https:\/\/mmfidawla.com\/wp-content\/uploads\/2015\/07\/twitter-coverphoto-nologo-1500x430.jpg\" alt='' title='twitter-coverphoto-nologo'  height=\"430\" width=\"1500\"  itemprop=\"thumbnailUrl\"  \/><\/div><\/div><\/div><br \/>\n\n<style type=\"text\/css\" data-created_by=\"avia_inline_auto\" id=\"style-css-av-1a2s7u-c4bb97db8dc3501be109579b0f7ea261\">\n#top .hr.hr-invisible.av-1a2s7u-c4bb97db8dc3501be109579b0f7ea261{\nheight:50px;\n}\n<\/style>\n<div  class='hr av-1a2s7u-c4bb97db8dc3501be109579b0f7ea261 hr-invisible  avia-builder-el-3  el_after_av_image  el_before_av_textblock '><span class='hr-inner '><span class=\"hr-inner-style\"><\/span><\/span><\/div><br \/>\n\n<style type=\"text\/css\" data-created_by=\"avia_inline_auto\" id=\"style-css-av-12isju-6a3e61ab95514c302056b8e056f9289b\">\n#top .av_textblock_section.av-12isju-6a3e61ab95514c302056b8e056f9289b .avia_textblock{\ncolor:#0a0a0a;\n}\n<\/style>\n<section  class='av_textblock_section av-12isju-6a3e61ab95514c302056b8e056f9289b '   itemscope=\"itemscope\" itemtype=\"https:\/\/schema.org\/CreativeWork\" ><div class='avia_textblock av_inherit_color'  itemprop=\"text\" ><h1 dir=\"ltr\" style=\"text-align: left;\">Organisation<\/h1>\n<ul>\n<li>L&rsquo;organisation politique r\u00e9volutionnaire, c&rsquo;est-\u00e0-dire celle qui cherche \u00e0 apporter une \u00ab contribution d\u00e9cisive \u00bb au changement du r\u00e9gime d\u00e9j\u00e0 en place, comprend des membres adh\u00e9rents qui s&rsquo;engagent volontairement dans un projet qui est \u00e0 la fois humain, personnel et social d\u2019int\u00e9r\u00eat public.Elle diff\u00e8re fondamentalement de toute institution \u00e9conomique, administrative ou symbolique.\u00a0Dans toutes ces institutions, la relation avec l\u2019individu est bas\u00e9e sur les d\u00e9sirs mat\u00e9riels et moraux qu&rsquo;il aurait et qui seraient connus. Dans ces cas, son engagement ne se limite qu\u2019aux t\u00e2ches et fonctions qui lui sont confi\u00e9es par une autorit\u00e9 qui est \u00e0 la base de l&rsquo;existence de l&rsquo;institution. L\u2019individu se soumet \u00e0 cette autorit\u00e9 qui lui attribue des fonctions qui satisfont ses d\u00e9sirs d\u2019une part, mais aussi parce qu\u2019il est convaincu des privil\u00e8ges de ce pouvoir-institution et de son droit \u00e0 imposer une pareille contrainte, c&rsquo;est-\u00e0-dire de sa l\u00e9gitimit\u00e9.<\/li>\n<li>L&rsquo;engagement dans un projet r\u00e9volutionnaire humain et politique est en lui-m\u00eame le d\u00e9terminant et l\u2019objectif. De par son engagement m\u00eame, chaque personne conna\u00eet de facto sa fonction qui n\u2019est autre que son objectif ainsi que celui de l\u2019organisation.Quant \u00e0 l\u2019organisation, elle r\u00e9sulte de choix qui peuvent s\u2019av\u00e9rer heureux ou malheureux et de ressources qui peuvent s\u2019av\u00e9rer suffisante ou pas. \u00c9videmment, il existe un danger permanent duquel il faut se m\u00e9fier qui consisterait \u00e0 confondre l\u2019objectif avec les moyens mis en place pour le servir ce qui entrainerait un retour aux r\u00f4les institutionnels et \u00e0 la pr\u00e9\u00e9minence d\u2019une approche administrative.<\/li>\n<li>Chaque r\u00e9partition organisationnelle des t\u00e2ches est une r\u00e9partition des ressources sur les terrains de la confrontation et la forme de l\u2019organisation un acte politique en lui-m\u00eame.La confrontation est justifi\u00e9e par l\u2019apparition de contradiction au sein du syst\u00e8me soci\u00e9tal de pouvoir qu\u2019elle tente de mettre \u00e0 profit.\u00a0L\u2019organisation adapt\u00e9e est celle qui est la plus apte \u00e0 manipuler les cadres soci\u00e9taux de pouvoir afin d\u2019en exploiter les m\u00e9canismes de contradiction qui r\u00e9sident en leur sein.<\/li>\n<\/ul>\n<\/div><\/section><br \/>\n\n<style type=\"text\/css\" data-created_by=\"avia_inline_auto\" id=\"style-css-av-ihsj6-7c44a7ffc2adc6794011c9024ab60fa5\">\n#top .hr.hr-invisible.av-ihsj6-7c44a7ffc2adc6794011c9024ab60fa5{\nheight:50px;\n}\n<\/style>\n<div  class='hr av-ihsj6-7c44a7ffc2adc6794011c9024ab60fa5 hr-invisible  avia-builder-el-5  el_after_av_textblock  el_before_av_social_share '><span class='hr-inner '><span class=\"hr-inner-style\"><\/span><\/span><\/div><br \/>\n<div  class='av-social-sharing-box av-ehgjm-46421de3fcb3779a7b29b20512d383ae av-social-sharing-box-default  avia-builder-el-6  el_after_av_hr  avia-builder-el-last  av-social-sharing-box-fullwidth'><div class=\"av-share-box\"><ul class=\"av-share-box-list noLightbox\"><li class='av-share-link av-social-link-facebook' ><a target=\"_blank\" aria-label=\"Partager sur Facebook\" href='https:\/\/www.facebook.com\/sharer.php?u=https:\/\/mmfidawla.com\/fr\/organisation\/&#038;t=Organisation' aria-hidden='false' data-av_icon='\ue8f3' data-av_iconfont='entypo-fontello' title='' data-avia-related-tooltip='Partager sur Facebook' rel=\"noopener\"><span class='avia_hidden_link_text'>Partager sur Facebook<\/span><\/a><\/li><li class='av-share-link av-social-link-twitter' ><a target=\"_blank\" aria-label=\"Partager sur Twitter\" href='https:\/\/twitter.com\/share?text=Organisation&#038;url=https:\/\/mmfidawla.com\/fr\/?p=9320' aria-hidden='false' data-av_icon='\ue932' data-av_iconfont='entypo-fontello' title='' data-avia-related-tooltip='Partager sur Twitter' rel=\"noopener\"><span class='avia_hidden_link_text'>Partager sur Twitter<\/span><\/a><\/li><li class='av-share-link av-social-link-pinterest' ><a target=\"_blank\" aria-label=\"Partager sur Pinterest\" href='https:\/\/pinterest.com\/pin\/create\/button\/?url=https%3A%2F%2Fmmfidawla.com%2Ffr%2Forganisation%2F&#038;description=Organisation&#038;media=' aria-hidden='false' data-av_icon='\ue8f8' data-av_iconfont='entypo-fontello' title='' data-avia-related-tooltip='Partager sur Pinterest' rel=\"noopener\"><span class='avia_hidden_link_text'>Partager sur Pinterest<\/span><\/a><\/li><li class='av-share-link av-social-link-linkedin' ><a target=\"_blank\" aria-label=\"Partager sur LinkedIn\" href='https:\/\/linkedin.com\/shareArticle?mini=true&#038;title=Organisation&#038;url=https:\/\/mmfidawla.com\/fr\/organisation\/' aria-hidden='false' data-av_icon='\ue8fc' data-av_iconfont='entypo-fontello' title='' data-avia-related-tooltip='Partager sur LinkedIn' rel=\"noopener\"><span class='avia_hidden_link_text'>Partager sur LinkedIn<\/span><\/a><\/li><li class='av-share-link av-social-link-tumblr' ><a target=\"_blank\" aria-label=\"Partager sur Tumblr\" href='https:\/\/www.tumblr.com\/share\/link?url=https%3A%2F%2Fmmfidawla.com%2Ffr%2Forganisation%2F&#038;name=Organisation&#038;description=' aria-hidden='false' data-av_icon='\ue8fa' data-av_iconfont='entypo-fontello' title='' data-avia-related-tooltip='Partager sur Tumblr' rel=\"noopener\"><span class='avia_hidden_link_text'>Partager sur Tumblr<\/span><\/a><\/li><li class='av-share-link av-social-link-mail' ><a  aria-label=\"Partager par Mail\" href='mailto:?subject=Organisation&#038;body=https:\/\/mmfidawla.com\/fr\/organisation\/' aria-hidden='false' data-av_icon='\ue805' data-av_iconfont='entypo-fontello' title='' data-avia-related-tooltip='Partager par Mail'><span class='avia_hidden_link_text'>Partager par Mail<\/span><\/a><\/li><\/ul><\/div><\/div><\/p><\/div>\n<style type=\"text\/css\" data-created_by=\"avia_inline_auto\" id=\"style-css-av-x6m2-653d7202bdc6dacfd71e9b9c0ac8e9f9\">\n.flex_column.av-x6m2-653d7202bdc6dacfd71e9b9c0ac8e9f9{\nborder-radius:0px 0px 0px 0px;\npadding:0px 0px 0px 0px;\n}\n<\/style>\n<div  class='flex_column av-x6m2-653d7202bdc6dacfd71e9b9c0ac8e9f9 av_one_fifth  avia-builder-el-7  el_after_av_three_fifth  avia-builder-el-last  flex_column_div av-zero-column-padding  '     ><\/div>\n","protected":false},"excerpt":{"rendered":"","protected":false},"author":5,"featured_media":0,"parent":0,"menu_order":0,"comment_status":"closed","ping_status":"closed","template":"","meta":{"_price":"","_stock":"","_tribe_ticket_header":"","_tribe_default_ticket_provider":"","_tribe_ticket_capacity":"0","_ticket_start_date":"","_ticket_end_date":"","_tribe_ticket_show_description":"","_tribe_ticket_show_not_going":false,"_tribe_ticket_use_global_stock":"","_tribe_ticket_global_stock_level":"","_global_stock_mode":"","_global_stock_cap":"","_tribe_rsvp_for_event":"","_tribe_ticket_going_count":"","_tribe_ticket_not_going_count":"","_tribe_tickets_list":[],"_tribe_ticket_has_attendee_info_fields":false,"footnotes":""},"yoast_head":"<!-- This site is optimized with the Yoast SEO plugin v21.5 - https:\/\/yoast.com\/wordpress\/plugins\/seo\/ -->\n<title>Organisation - \u0645\u0648\u0627\u0637\u0646\u0648\u0646 \u0648\u0645\u0648\u0627\u0637\u0646\u0627\u062a \u0641\u064a \u062f\u0648\u0644\u0629<\/title>\n<meta name=\"robots\" content=\"index, follow, max-snippet:-1, max-image-preview:large, max-video-preview:-1\" \/>\n<link rel=\"canonical\" href=\"https:\/\/mmfidawla.com\/fr\/organisation\/\" \/>\n<meta property=\"og:locale\" content=\"fr_FR\" \/>\n<meta property=\"og:type\" content=\"article\" \/>\n<meta property=\"og:title\" content=\"Organisation - \u0645\u0648\u0627\u0637\u0646\u0648\u0646 \u0648\u0645\u0648\u0627\u0637\u0646\u0627\u062a \u0641\u064a \u062f\u0648\u0644\u0629\" \/>\n<meta property=\"og:url\" content=\"https:\/\/mmfidawla.com\/fr\/organisation\/\" \/>\n<meta property=\"og:site_name\" content=\"\u0645\u0648\u0627\u0637\u0646\u0648\u0646 \u0648\u0645\u0648\u0627\u0637\u0646\u0627\u062a \u0641\u064a \u062f\u0648\u0644\u0629\" \/>\n<meta property=\"article:publisher\" content=\"https:\/\/www.facebook.com\/mmfidawla\/\" \/>\n<meta property=\"article:modified_time\" content=\"2020-06-07 20:59:43.000000\" \/>\n<meta name=\"twitter:card\" content=\"summary_large_image\" \/>\n<meta name=\"twitter:site\" content=\"@mmfidawla\" \/>\n<meta name=\"twitter:label1\" content=\"Dur\u00e9e de lecture est.\" \/>\n\t<meta name=\"twitter:data1\" content=\"4 minutes\" \/>\n<script type=\"application\/ld+json\" class=\"yoast-schema-graph\">{\"@context\":\"https:\/\/schema.org\",\"@graph\":[{\"@type\":\"WebPage\",\"@id\":\"https:\/\/mmfidawla.com\/fr\/organisation\/\",\"url\":\"https:\/\/mmfidawla.com\/fr\/organisation\/\",\"name\":\"Organisation - \u0645\u0648\u0627\u0637\u0646\u0648\u0646 \u0648\u0645\u0648\u0627\u0637\u0646\u0627\u062a \u0641\u064a \u062f\u0648\u0644\u0629\",\"isPartOf\":{\"@id\":\"https:\/\/mmfidawla.com\/#website\"},\"datePublished\":\"2020-05-22 22:50:59.000000\",\"dateModified\":\"2020-06-07 20:59:43.000000\",\"breadcrumb\":{\"@id\":\"https:\/\/mmfidawla.com\/fr\/organisation\/#breadcrumb\"},\"inLanguage\":\"fr-FR\",\"potentialAction\":[{\"@type\":\"ReadAction\",\"target\":[\"https:\/\/mmfidawla.com\/fr\/organisation\/\"]}]},{\"@type\":\"BreadcrumbList\",\"@id\":\"https:\/\/mmfidawla.com\/fr\/organisation\/#breadcrumb\",\"itemListElement\":[{\"@type\":\"ListItem\",\"position\":1,\"name\":\"Home\",\"item\":\"https:\/\/mmfidawla.com\/fr\/\"},{\"@type\":\"ListItem\",\"position\":2,\"name\":\"Organisation\"}]},{\"@type\":\"WebSite\",\"@id\":\"https:\/\/mmfidawla.com\/#website\",\"url\":\"https:\/\/mmfidawla.com\/\",\"name\":\"\u0645\u0648\u0627\u0637\u0646\u0648\u0646 \u0648\u0645\u0648\u0627\u0637\u0646\u0627\u062a \u0641\u064a \u062f\u0648\u0644\u0629\",\"description\":\"\u062d\u0631\u0643\u0629 \u062a\u062c\u0645\u0639 \u0627\u0644\u0639\u0627\u0645\u0644\u064a\u0646 \u0641\u064a \u0627\u0644\u0634\u0623\u0646 \u0627\u0644\u0639\u0627\u0645 \u0639\u0644\u0649 \u0643\u0644\u0651 \u0627\u0644\u062c\u063a\u0631\u0627\u0641\u064a\u0627 \u0627\u0644\u0644\u0628\u0646\u0627\u0646\u064a\u0629\u060c \u0628\u0647\u062f\u0641 \u062a\u062d\u0645\u0651\u0644 \u0627\u0644\u0645\u0633\u0624\u0648\u0644\u064a\u0629 \u0639\u0644\u0649 \u0623\u0633\u0627\u0633 \u0627\u0644\u0645\u0648\u0627\u0637\u0646\u064a\u0651\u0629\u060c \u0635\u064a\u063a\u0629\u064b \u0628\u062f\u064a\u0644\u0629 \u0639\u0646 \u0627\u0644\u062a\u0628\u0639\u064a\u0651\u0627\u062a \u0627\u0644\u0645\u0641\u0631\u0648\u0636\u0629 \u0648\u0627\u0644\u0645\u0623\u0632\u0648\u0645\u0629\",\"publisher\":{\"@id\":\"https:\/\/mmfidawla.com\/#organization\"},\"potentialAction\":[{\"@type\":\"SearchAction\",\"target\":{\"@type\":\"EntryPoint\",\"urlTemplate\":\"https:\/\/mmfidawla.com\/?s={search_term_string}\"},\"query-input\":\"required name=search_term_string\"}],\"inLanguage\":\"fr-FR\"},{\"@type\":\"Organization\",\"@id\":\"https:\/\/mmfidawla.com\/#organization\",\"name\":\"\u0645\u0648\u0627\u0637\u0646\u0648\u0646 \u0648\u0645\u0648\u0627\u0637\u0646\u0627\u062a \u0641\u064a \u062f\u0648\u0644\u0629\",\"url\":\"https:\/\/mmfidawla.com\/\",\"logo\":{\"@type\":\"ImageObject\",\"inLanguage\":\"fr-FR\",\"@id\":\"https:\/\/mmfidawla.com\/#\/schema\/logo\/image\/\",\"url\":\"https:\/\/mmfidawla.com\/wp-content\/uploads\/2016\/03\/cropped-MMD-logo-final-2.png\",\"contentUrl\":\"https:\/\/mmfidawla.com\/wp-content\/uploads\/2016\/03\/cropped-MMD-logo-final-2.png\",\"width\":842,\"height\":561,\"caption\":\"\u0645\u0648\u0627\u0637\u0646\u0648\u0646 \u0648\u0645\u0648\u0627\u0637\u0646\u0627\u062a \u0641\u064a \u062f\u0648\u0644\u0629\"},\"image\":{\"@id\":\"https:\/\/mmfidawla.com\/#\/schema\/logo\/image\/\"},\"sameAs\":[\"https:\/\/www.facebook.com\/mmfidawla\/\",\"https:\/\/twitter.com\/mmfidawla\",\"https:\/\/www.instagram.com\/mmfidawla\/\",\"http:\/\/youtube.com\/mmfidawla\/\"]}]}<\/script>\n<!-- \/ Yoast SEO plugin. -->","yoast_head_json":{"title":"Organisation - \u0645\u0648\u0627\u0637\u0646\u0648\u0646 \u0648\u0645\u0648\u0627\u0637\u0646\u0627\u062a \u0641\u064a \u062f\u0648\u0644\u0629","robots":{"index":"index","follow":"follow","max-snippet":"max-snippet:-1","max-image-preview":"max-image-preview:large","max-video-preview":"max-video-preview:-1"},"canonical":"https:\/\/mmfidawla.com\/fr\/organisation\/","og_locale":"fr_FR","og_type":"article","og_title":"Organisation - \u0645\u0648\u0627\u0637\u0646\u0648\u0646 \u0648\u0645\u0648\u0627\u0637\u0646\u0627\u062a \u0641\u064a \u062f\u0648\u0644\u0629","og_url":"https:\/\/mmfidawla.com\/fr\/organisation\/","og_site_name":"\u0645\u0648\u0627\u0637\u0646\u0648\u0646 \u0648\u0645\u0648\u0627\u0637\u0646\u0627\u062a \u0641\u064a \u062f\u0648\u0644\u0629","article_publisher":"https:\/\/www.facebook.com\/mmfidawla\/","article_modified_time":"2020-06-07 20:59:43.000000","twitter_card":"summary_large_image","twitter_site":"@mmfidawla","twitter_misc":{"Dur\u00e9e de lecture est.":"4 minutes"},"schema":{"@context":"https:\/\/schema.org","@graph":[{"@type":"WebPage","@id":"https:\/\/mmfidawla.com\/fr\/organisation\/","url":"https:\/\/mmfidawla.com\/fr\/organisation\/","name":"Organisation - \u0645\u0648\u0627\u0637\u0646\u0648\u0646 \u0648\u0645\u0648\u0627\u0637\u0646\u0627\u062a \u0641\u064a \u062f\u0648\u0644\u0629","isPartOf":{"@id":"https:\/\/mmfidawla.com\/#website"},"datePublished":"2020-05-22 22:50:59.000000","dateModified":"2020-06-07 20:59:43.000000","breadcrumb":{"@id":"https:\/\/mmfidawla.com\/fr\/organisation\/#breadcrumb"},"inLanguage":"fr-FR","potentialAction":[{"@type":"ReadAction","target":["https:\/\/mmfidawla.com\/fr\/organisation\/"]}]},{"@type":"BreadcrumbList","@id":"https:\/\/mmfidawla.com\/fr\/organisation\/#breadcrumb","itemListElement":[{"@type":"ListItem","position":1,"name":"Home","item":"https:\/\/mmfidawla.com\/fr\/"},{"@type":"ListItem","position":2,"name":"Organisation"}]},{"@type":"WebSite","@id":"https:\/\/mmfidawla.com\/#website","url":"https:\/\/mmfidawla.com\/","name":"\u0645\u0648\u0627\u0637\u0646\u0648\u0646 \u0648\u0645\u0648\u0627\u0637\u0646\u0627\u062a \u0641\u064a \u062f\u0648\u0644\u0629","description":"\u062d\u0631\u0643\u0629 \u062a\u062c\u0645\u0639 \u0627\u0644\u0639\u0627\u0645\u0644\u064a\u0646 \u0641\u064a \u0627\u0644\u0634\u0623\u0646 \u0627\u0644\u0639\u0627\u0645 \u0639\u0644\u0649 \u0643\u0644\u0651 \u0627\u0644\u062c\u063a\u0631\u0627\u0641\u064a\u0627 \u0627\u0644\u0644\u0628\u0646\u0627\u0646\u064a\u0629\u060c \u0628\u0647\u062f\u0641 \u062a\u062d\u0645\u0651\u0644 \u0627\u0644\u0645\u0633\u0624\u0648\u0644\u064a\u0629 \u0639\u0644\u0649 \u0623\u0633\u0627\u0633 \u0627\u0644\u0645\u0648\u0627\u0637\u0646\u064a\u0651\u0629\u060c \u0635\u064a\u063a\u0629\u064b \u0628\u062f\u064a\u0644\u0629 \u0639\u0646 \u0627\u0644\u062a\u0628\u0639\u064a\u0651\u0627\u062a \u0627\u0644\u0645\u0641\u0631\u0648\u0636\u0629 \u0648\u0627\u0644\u0645\u0623\u0632\u0648\u0645\u0629","publisher":{"@id":"https:\/\/mmfidawla.com\/#organization"},"potentialAction":[{"@type":"SearchAction","target":{"@type":"EntryPoint","urlTemplate":"https:\/\/mmfidawla.com\/?s={search_term_string}"},"query-input":"required name=search_term_string"}],"inLanguage":"fr-FR"},{"@type":"Organization","@id":"https:\/\/mmfidawla.com\/#organization","name":"\u0645\u0648\u0627\u0637\u0646\u0648\u0646 \u0648\u0645\u0648\u0627\u0637\u0646\u0627\u062a \u0641\u064a \u062f\u0648\u0644\u0629","url":"https:\/\/mmfidawla.com\/","logo":{"@type":"ImageObject","inLanguage":"fr-FR","@id":"https:\/\/mmfidawla.com\/#\/schema\/logo\/image\/","url":"https:\/\/mmfidawla.com\/wp-content\/uploads\/2016\/03\/cropped-MMD-logo-final-2.png","contentUrl":"https:\/\/mmfidawla.com\/wp-content\/uploads\/2016\/03\/cropped-MMD-logo-final-2.png","width":842,"height":561,"caption":"\u0645\u0648\u0627\u0637\u0646\u0648\u0646 \u0648\u0645\u0648\u0627\u0637\u0646\u0627\u062a \u0641\u064a \u062f\u0648\u0644\u0629"},"image":{"@id":"https:\/\/mmfidawla.com\/#\/schema\/logo\/image\/"},"sameAs":["https:\/\/www.facebook.com\/mmfidawla\/","https:\/\/twitter.com\/mmfidawla","https:\/\/www.instagram.com\/mmfidawla\/","http:\/\/youtube.com\/mmfidawla\/"]}]}},"_links":{"self":[{"href":"https:\/\/mmfidawla.com\/fr\/wp-json\/wp\/v2\/pages\/9320"}],"collection":[{"href":"https:\/\/mmfidawla.com\/fr\/wp-json\/wp\/v2\/pages"}],"about":[{"href":"https:\/\/mmfidawla.com\/fr\/wp-json\/wp\/v2\/types\/page"}],"author":[{"embeddable":true,"href":"https:\/\/mmfidawla.com\/fr\/wp-json\/wp\/v2\/users\/5"}],"replies":[{"embeddable":true,"href":"https:\/\/mmfidawla.com\/fr\/wp-json\/wp\/v2\/comments?post=9320"}],"version-history":[{"count":5,"href":"https:\/\/mmfidawla.com\/fr\/wp-json\/wp\/v2\/pages\/9320\/revisions"}],"predecessor-version":[{"id":9435,"href":"https:\/\/mmfidawla.com\/fr\/wp-json\/wp\/v2\/pages\/9320\/revisions\/9435"}],"wp:attachment":[{"href":"https:\/\/mmfidawla.com\/fr\/wp-json\/wp\/v2\/media?parent=9320"}],"curies":[{"name":"wp","href":"https:\/\/api.w.org\/{rel}","templated":true}]}}