{"id":9361,"date":"2020-06-07T10:02:36","date_gmt":"2020-06-07T07:02:36","guid":{"rendered":"http:\/\/mmfidawla.com\/?page_id=9361"},"modified":"2020-10-19T13:23:09","modified_gmt":"2020-10-19T10:23:09","slug":"methodologie","status":"publish","type":"page","link":"https:\/\/mmfidawla.com\/fr\/methodologie\/","title":{"rendered":"M\u00e9thodologie d\u2019action du Mouvement"},"content":{"rendered":"\n<style type=\"text\/css\" data-created_by=\"avia_inline_auto\" id=\"style-css-av-1sz94q-aa02b2006eb3cc93f827e85d95b11d5d\">\n.flex_column.av-1sz94q-aa02b2006eb3cc93f827e85d95b11d5d{\nborder-radius:0px 0px 0px 0px;\npadding:0px 0px 0px 0px;\n}\n<\/style>\n<div  class='flex_column av-1sz94q-aa02b2006eb3cc93f827e85d95b11d5d av_one_fifth  avia-builder-el-0  el_before_av_three_fifth  avia-builder-el-first  first flex_column_div av-zero-column-padding  '     ><\/div>\n\n<style type=\"text\/css\" data-created_by=\"avia_inline_auto\" id=\"style-css-av-1lq67m-6c89bc6ce1dc916932160ff1fbceba74\">\n.flex_column.av-1lq67m-6c89bc6ce1dc916932160ff1fbceba74{\nborder-radius:0px 0px 0px 0px;\npadding:0px 0px 0px 0px;\n}\n<\/style>\n<div  class='flex_column av-1lq67m-6c89bc6ce1dc916932160ff1fbceba74 av_three_fifth  avia-builder-el-1  el_after_av_one_fifth  el_before_av_one_fifth  flex_column_div av-zero-column-padding  '     ><p>\n<style type=\"text\/css\" data-created_by=\"avia_inline_auto\" id=\"style-css-av-1cx99e-687f218a7dd454f7a850f3a369b59b9e\">\n.avia-image-container.av-1cx99e-687f218a7dd454f7a850f3a369b59b9e img.avia_image{\nbox-shadow:none;\n}\n.avia-image-container.av-1cx99e-687f218a7dd454f7a850f3a369b59b9e .av-image-caption-overlay-center{\ncolor:#ffffff;\n}\n<\/style>\n<div  class='avia-image-container av-1cx99e-687f218a7dd454f7a850f3a369b59b9e av-styling- avia-align-center  avia-builder-el-2  el_before_av_hr  avia-builder-el-first '   itemprop=\"image\" itemscope=\"itemscope\" itemtype=\"https:\/\/schema.org\/ImageObject\" ><div class=\"avia-image-container-inner\"><div class=\"avia-image-overlay-wrap\"><img decoding=\"async\" fetchpriority=\"high\" class='wp-image-4987 avia-img-lazy-loading-not-4987 avia_image ' src=\"https:\/\/mmfidawla.com\/wp-content\/uploads\/2015\/07\/twitter-coverphoto-nologo-1500x430.jpg\" alt='' title='twitter-coverphoto-nologo'  height=\"430\" width=\"1500\"  itemprop=\"thumbnailUrl\"  \/><\/div><\/div><\/div><br \/>\n\n<style type=\"text\/css\" data-created_by=\"avia_inline_auto\" id=\"style-css-av-1a2s7u-c4bb97db8dc3501be109579b0f7ea261\">\n#top .hr.hr-invisible.av-1a2s7u-c4bb97db8dc3501be109579b0f7ea261{\nheight:50px;\n}\n<\/style>\n<div  class='hr av-1a2s7u-c4bb97db8dc3501be109579b0f7ea261 hr-invisible  avia-builder-el-3  el_after_av_image  el_before_av_textblock '><span class='hr-inner '><span class=\"hr-inner-style\"><\/span><\/span><\/div><br \/>\n\n<style type=\"text\/css\" data-created_by=\"avia_inline_auto\" id=\"style-css-av-12isju-f2c13a42a2f5adb49ff2365f01093ed5\">\n#top .av_textblock_section.av-12isju-f2c13a42a2f5adb49ff2365f01093ed5 .avia_textblock{\ncolor:#0a0a0a;\n}\n<\/style>\n<section  class='av_textblock_section av-12isju-f2c13a42a2f5adb49ff2365f01093ed5 '   itemscope=\"itemscope\" itemtype=\"https:\/\/schema.org\/CreativeWork\" ><div class='avia_textblock av_inherit_color'  itemprop=\"text\" ><h1 dir=\"ltr\" style=\"text-align: left;\"><strong>De la m\u00e9thodologie d\u2019action du Mouvement<\/strong><\/h1>\n<p>Toute organisation r\u00e9volutionnaire \u2013au sens d\u2019\u0153uvrant pour une \u00ab\u00a0contribution d\u00e9cisive\u00a0\u00bb au changement du syst\u00e8me sociopolitique existant- s\u2019illusionne en supposant que sa r\u00e9ussite est le fruit d\u2019un processus naturel cumulatif r\u00e9sultant de son action, en r\u00e9f\u00e9rence \u00e0 ce qu\u2019on appelle plans ou programmes d\u2019actions des soci\u00e9t\u00e9s commerciales. Autrement, il n\u2019y aurait pas eu de syst\u00e8me social de pouvoir qui s\u2019y opposerait et ce syst\u00e8me n\u2019aurait eu ni moyens, ni institutions, ni possibilit\u00e9 de r\u00e9sistance, ni m\u00eame la possibilit\u00e9 d\u2019identifier son int\u00e9r\u00eat\u00a0\u00e0 la p\u00e9rennit\u00e9. De par ce fait, la r\u00e9alisation des objectifs du mouvement \u00ab\u00a0Citoyens et Citoyennes dans un \u00c9tat\u00a0\u00bb ne peut se faire \u00e0 travers un processus m\u00e9canique, car toute m\u00e9thode m\u00e9canique pr\u00e9suppose de faire face \u00e0 un objet soit inerte soit soumis, \u00e0 moins que l\u2019action du mouvement, sciemment ou par ignorance, ne s&rsquo;inscrive, ou ne s&rsquo;accorde avec, la logique du syst\u00e8me de pouvoir. En l\u2019absence de contradictions internes au sein du syst\u00e8me sociopolitique en place et des pressions externes auxquelles il est sujet, il n\u2019y aurait eu ni Histoire ni changements dans les syst\u00e8mes soci\u00e9taux, ni \u00e0 fortiori de motivations collectives ou personnelles de cr\u00e9er un tel mouvement, y adh\u00e9rer et y contribuer.<\/p>\n<p>Ainsi, le mouvement des \u00ab\u00a0Citoyens et Citoyennes dans un \u00c9tat\u00a0\u00bb adopte une approche m\u00e9thodologique rigoureuse d\u2019une part et une d\u00e9marche r\u00e9aliste et raisonn\u00e9e dans le choix et l\u2019investiture des terrains de confrontation d\u2019une autre. Cette approche est en opposition nette et tranch\u00e9e avec deux types d\u2019organisations:<\/p>\n<ul>\n<li>Les partis qui ont adopt\u00e9 dans leurs textes des id\u00e9ologies fig\u00e9es, dont r\u00e9sulte au cours de leur \u00e9volution une d\u00e9connexion entre la pratique et la th\u00e9orie et un recul de leur capacit\u00e9 d\u2019action en raison des transformations soci\u00e9tales et politiques qui g\u00e9n\u00e8re des tentatives continue visant \u00e0 r\u00e9interpr\u00e9ter le discours fondateur\u00a0de mani\u00e8re \u00e0 le rendre apte \u00e0 traiter avec ces transformations;<\/li>\n<li>Des mouvements limit\u00e9s \u00e0 des terrains d\u2019affrontement sp\u00e9cifiques caract\u00e9ris\u00e9s par des postures d\u2019opposition parfois d\u00e9monstratives bas\u00e9es sur des jugements moraux qui contredisent la nature m\u00eame du travail et de l\u2019action politique et sabotent la possibilit\u00e9 de mener une confrontation v\u00e9ritable et organis\u00e9e au pouvoir sociopolitique. Nous ne confondons bien s\u00fbr pas ces organisations avec celles qui ne sont que des instruments du r\u00e9gime et qui, \u00e0 travers des m\u00e9canismes d\u2019action et de contr\u00f4le, jouent les r\u00f4les d\u2019encadrement et de mise en concurrence.<\/li>\n<\/ul>\n<p>Chacun de ces types de formations est devenu conditionn\u00e9 par un sectarisme aigu en r\u00e9action directe au d\u00e9litement social g\u00e9n\u00e9ral. Ainsi, La \u00ab\u00a0contribution d\u00e9cisive\u00a0\u00bb au changement du syst\u00e8me sociopolitique auquel le mouvement aspire d\u00e9pendra de sa capacit\u00e9, aux moments-charni\u00e8res o\u00f9 apparaissent des contradictions aigues au sein du syst\u00e8me, et apr\u00e8s avoir anticip\u00e9 ces contradictions et s\u2019\u00eatre pr\u00e9par\u00e9 en termes de connaissances et de capacit\u00e9 militante, \u00e0 proposer une alternative avanc\u00e9e sur tout ce que le r\u00e9gime peut proposer. Cette alternative impose au r\u00e9gime un virage dans la trajectoire de son adaptation \u00e0 ses contraintes internes et externes le sortant ainsi du cadre qu\u2019il ma\u00eetrise, sans tomber dans une anarchie non calcul\u00e9e. Ce virage r\u00e9pondra aux int\u00e9r\u00eats de cat\u00e9gories que le r\u00e9gime n\u00e9glige et encadrera ces cat\u00e9gories dans un nouveau rapport de force qui renforcera l\u2019alternative initialement envisag\u00e9e. L\u2019organisation r\u00e9volutionnaire ne g\u00e9n\u00e8re pas le changement \u00e0 partir du n\u00e9ant ou d\u2019un acte volontaire magique ou d\u2019une r\u00e9pression passag\u00e8re, mais l\u2019extirpe comme une sage-femme met au monde un enfant.<\/p>\n<p>Pour r\u00e9aliser cet objectif, le mouvement adopte les m\u00e9thodologies suivantes\u00a0:<\/p>\n<ul>\n<li>Adopter la pens\u00e9e critique comme fondement m\u00e9thodologique, et donc de consid\u00e9rer les diverses th\u00e9ories et id\u00e9ologies, quelles que soit leur efficacit\u00e9, comme \u00e9tant relatives et limit\u00e9es \u00e0 la circonstance historique de leur \u00e9laboration, d\u2019o\u00f9 le besoin de les adapter et de les soumettre aux risques de l\u2019interpr\u00e9tation.<\/li>\n<li>Aborder les comportements et les initiatives individuels ou collectifs comme prenant leur sens \u00e0 travers leur int\u00e9gration dans un cadre d\u2019int\u00e9r\u00eats, d\u2019institutions et de valeurs, d\u00e9fini et convenu, constituant un \u00ab\u00a0syst\u00e8me social\u00a0\u00bb.Par cons\u00e9quent, il convient de r\u00e9voquer d\u2019une part la revendication du caract\u00e8re absolu p\u00e9renne et immuable des structures institutionnelles, en particulier pour les entit\u00e9s soci\u00e9tales culturelles, religieuses et ethniques, car cette revendication conduit \u00e0 endiguer et \u00e0 alt\u00e9rer l\u2019image des mouvements d&rsquo;opposition aspirant au changement. D\u2019autre part, il faut r\u00e9futer les jugements politiques fond\u00e9es sur l\u2019individualisation accompagn\u00e9es de leur cort\u00e8ge d\u2019injonctions morales simplificatrices, se contentant de sanctifier ou de diaboliser, pour \u00e9viter les risques de d\u00e9tourner l\u2019affrontement avec le syst\u00e8me en un affrontement avec des personnes et de permettre ainsi la perp\u00e9tuation du syst\u00e8me qui, s\u2019il s\u2019y voyait contraint, choisirait le sacrifice des personnes.<\/li>\n<li>Traiter avec le r\u00e9el, ses comportements et son discours, comme \u00e9tant int\u00e9gr\u00e9 dans le cadre d\u2019un \u00ab\u00a0syst\u00e8me soci\u00e9tal\u00a0\u00bb tout en d\u00e9ployant l\u2019effort n\u00e9cessaire \u00e0 la compr\u00e9hension de ses r\u00e8gles, des circonstances historiques sp\u00e9cifiques \u00e0 sa construction, des conditions de sa stabilit\u00e9, du fonctionnement de ses m\u00e9canismes institutionnels et d\u2019urgence, des limites de son contr\u00f4le et des r\u00e8gles de gestions de conflits \u00e0 l\u2019int\u00e9rieur de son p\u00e9rim\u00e8tre, de la trajectoire de l\u2019impact combin\u00e9 de l\u2019accumulation et de l\u2019\u00e9rosion r\u00e9sultant de ses r\u00e8gles de fonctionnement et l\u2019\u00e9volution dans son environnement mat\u00e9riel, environnemental, humain et politique. \u00c0 ce titre, le mouvement s\u2019applique \u00e0 scruter les contradictions internes et externes du syst\u00e8me soci\u00e9tal et \u00e0 surveiller avec pr\u00e9cision leur gravit\u00e9, leur hi\u00e9rarchisation, leurs interd\u00e9pendances et les risques qui en d\u00e9coulent. Le Mouvement accorde une importance particuli\u00e8re \u00e0 la compr\u00e9hension des rouages qui assurent le r\u00f4le de contr\u00f4le du syst\u00e8me et du pouvoir v\u00e9ritable d\u00e9tenu par ces rouages, pour des raisons fonctionnelles, au-del\u00e0 des discours politiques de fa\u00e7ade que produit le r\u00e9gime. Il se concentre sur les axes et terrains o\u00f9 pourrait aboutir une confrontation entre ces rouages, en s\u2019assurant de ne pas \u00e9branler le pouvoir sans faire \u00e9merger alternatives et forces de pression capables d\u2019en porter les cons\u00e9quences d\u2019une part, et de ne pas glisser d\u2019une autre part vers des conflits qu\u2019il est facile au r\u00e9gime de contenir et de r\u00e9aligner selon ses lignes de fractures qu\u2019il sait g\u00e9rer pour se renouveler.<\/li>\n<\/ul>\n<p dir=\"ltr\" style=\"text-align: left;\">\n<\/div><\/section><br \/>\n\n<style type=\"text\/css\" data-created_by=\"avia_inline_auto\" id=\"style-css-av-ihsj6-7c44a7ffc2adc6794011c9024ab60fa5\">\n#top .hr.hr-invisible.av-ihsj6-7c44a7ffc2adc6794011c9024ab60fa5{\nheight:50px;\n}\n<\/style>\n<div  class='hr av-ihsj6-7c44a7ffc2adc6794011c9024ab60fa5 hr-invisible  avia-builder-el-5  el_after_av_textblock  el_before_av_social_share '><span class='hr-inner '><span class=\"hr-inner-style\"><\/span><\/span><\/div><br \/>\n<div  class='av-social-sharing-box av-ehgjm-46421de3fcb3779a7b29b20512d383ae av-social-sharing-box-default  avia-builder-el-6  el_after_av_hr  avia-builder-el-last  av-social-sharing-box-fullwidth'><div class=\"av-share-box\"><ul class=\"av-share-box-list noLightbox\"><li class='av-share-link av-social-link-facebook' ><a target=\"_blank\" aria-label=\"Partager sur Facebook\" href='https:\/\/www.facebook.com\/sharer.php?u=https:\/\/mmfidawla.com\/fr\/methodologie\/&#038;t=M%C3%A9thodologie%20d%E2%80%99action%20du%20Mouvement' aria-hidden='false' data-av_icon='\ue8f3' data-av_iconfont='entypo-fontello' title='' data-avia-related-tooltip='Partager sur Facebook' rel=\"noopener\"><span class='avia_hidden_link_text'>Partager sur Facebook<\/span><\/a><\/li><li class='av-share-link av-social-link-twitter' ><a target=\"_blank\" aria-label=\"Partager sur Twitter\" href='https:\/\/twitter.com\/share?text=M%C3%A9thodologie%20d%E2%80%99action%20du%20Mouvement&#038;url=https:\/\/mmfidawla.com\/fr\/?p=9361' aria-hidden='false' data-av_icon='\ue932' data-av_iconfont='entypo-fontello' title='' data-avia-related-tooltip='Partager sur Twitter' rel=\"noopener\"><span class='avia_hidden_link_text'>Partager sur Twitter<\/span><\/a><\/li><li class='av-share-link av-social-link-pinterest' ><a target=\"_blank\" aria-label=\"Partager sur Pinterest\" href='https:\/\/pinterest.com\/pin\/create\/button\/?url=https%3A%2F%2Fmmfidawla.com%2Ffr%2Fmethodologie%2F&#038;description=M%C3%A9thodologie%20d%E2%80%99action%20du%20Mouvement&#038;media=' aria-hidden='false' data-av_icon='\ue8f8' data-av_iconfont='entypo-fontello' title='' data-avia-related-tooltip='Partager sur Pinterest' rel=\"noopener\"><span class='avia_hidden_link_text'>Partager sur Pinterest<\/span><\/a><\/li><li class='av-share-link av-social-link-linkedin' ><a target=\"_blank\" aria-label=\"Partager sur LinkedIn\" href='https:\/\/linkedin.com\/shareArticle?mini=true&#038;title=M%C3%A9thodologie%20d%E2%80%99action%20du%20Mouvement&#038;url=https:\/\/mmfidawla.com\/fr\/methodologie\/' aria-hidden='false' data-av_icon='\ue8fc' data-av_iconfont='entypo-fontello' title='' data-avia-related-tooltip='Partager sur LinkedIn' rel=\"noopener\"><span class='avia_hidden_link_text'>Partager sur LinkedIn<\/span><\/a><\/li><li class='av-share-link av-social-link-tumblr' ><a target=\"_blank\" aria-label=\"Partager sur Tumblr\" href='https:\/\/www.tumblr.com\/share\/link?url=https%3A%2F%2Fmmfidawla.com%2Ffr%2Fmethodologie%2F&#038;name=M%C3%A9thodologie%20d%E2%80%99action%20du%20Mouvement&#038;description=' aria-hidden='false' data-av_icon='\ue8fa' data-av_iconfont='entypo-fontello' title='' data-avia-related-tooltip='Partager sur Tumblr' rel=\"noopener\"><span class='avia_hidden_link_text'>Partager sur Tumblr<\/span><\/a><\/li><li class='av-share-link av-social-link-mail' ><a  aria-label=\"Partager par Mail\" href='mailto:?subject=M%C3%A9thodologie%20d%E2%80%99action%20du%20Mouvement&#038;body=https:\/\/mmfidawla.com\/fr\/methodologie\/' aria-hidden='false' data-av_icon='\ue805' data-av_iconfont='entypo-fontello' title='' data-avia-related-tooltip='Partager par Mail'><span class='avia_hidden_link_text'>Partager par Mail<\/span><\/a><\/li><\/ul><\/div><\/div><\/p><\/div>\n<style type=\"text\/css\" data-created_by=\"avia_inline_auto\" id=\"style-css-av-x6m2-653d7202bdc6dacfd71e9b9c0ac8e9f9\">\n.flex_column.av-x6m2-653d7202bdc6dacfd71e9b9c0ac8e9f9{\nborder-radius:0px 0px 0px 0px;\npadding:0px 0px 0px 0px;\n}\n<\/style>\n<div  class='flex_column av-x6m2-653d7202bdc6dacfd71e9b9c0ac8e9f9 av_one_fifth  avia-builder-el-7  el_after_av_three_fifth  avia-builder-el-last  flex_column_div av-zero-column-padding  '     ><\/div>\n","protected":false},"excerpt":{"rendered":"","protected":false},"author":5,"featured_media":0,"parent":0,"menu_order":0,"comment_status":"closed","ping_status":"closed","template":"","meta":{"_price":"","_stock":"","_tribe_ticket_header":"","_tribe_default_ticket_provider":"","_tribe_ticket_capacity":"0","_ticket_start_date":"","_ticket_end_date":"","_tribe_ticket_show_description":"","_tribe_ticket_show_not_going":false,"_tribe_ticket_use_global_stock":"","_tribe_ticket_global_stock_level":"","_global_stock_mode":"","_global_stock_cap":"","_tribe_rsvp_for_event":"","_tribe_ticket_going_count":"","_tribe_ticket_not_going_count":"","_tribe_tickets_list":[],"_tribe_ticket_has_attendee_info_fields":false,"footnotes":""},"yoast_head":"<!-- This site is optimized with the Yoast SEO plugin v21.5 - https:\/\/yoast.com\/wordpress\/plugins\/seo\/ -->\n<title>M\u00e9thodologie d\u2019action du Mouvement - \u0645\u0648\u0627\u0637\u0646\u0648\u0646 \u0648\u0645\u0648\u0627\u0637\u0646\u0627\u062a \u0641\u064a \u062f\u0648\u0644\u0629<\/title>\n<meta name=\"robots\" content=\"index, follow, max-snippet:-1, max-image-preview:large, max-video-preview:-1\" \/>\n<link rel=\"canonical\" href=\"https:\/\/mmfidawla.com\/fr\/methodologie\/\" \/>\n<meta property=\"og:locale\" content=\"fr_FR\" \/>\n<meta property=\"og:type\" content=\"article\" \/>\n<meta property=\"og:title\" content=\"M\u00e9thodologie d\u2019action du Mouvement - \u0645\u0648\u0627\u0637\u0646\u0648\u0646 \u0648\u0645\u0648\u0627\u0637\u0646\u0627\u062a \u0641\u064a \u062f\u0648\u0644\u0629\" \/>\n<meta property=\"og:url\" content=\"https:\/\/mmfidawla.com\/fr\/methodologie\/\" \/>\n<meta property=\"og:site_name\" content=\"\u0645\u0648\u0627\u0637\u0646\u0648\u0646 \u0648\u0645\u0648\u0627\u0637\u0646\u0627\u062a \u0641\u064a \u062f\u0648\u0644\u0629\" \/>\n<meta property=\"article:publisher\" content=\"https:\/\/www.facebook.com\/mmfidawla\/\" \/>\n<meta property=\"article:modified_time\" content=\"2020-10-19 10:23:09.000000\" \/>\n<meta name=\"twitter:card\" content=\"summary_large_image\" \/>\n<meta name=\"twitter:site\" content=\"@mmfidawla\" \/>\n<meta name=\"twitter:label1\" content=\"Dur\u00e9e de lecture est.\" \/>\n\t<meta name=\"twitter:data1\" content=\"8 minutes\" \/>\n<script type=\"application\/ld+json\" class=\"yoast-schema-graph\">{\"@context\":\"https:\/\/schema.org\",\"@graph\":[{\"@type\":\"WebPage\",\"@id\":\"https:\/\/mmfidawla.com\/fr\/methodologie\/\",\"url\":\"https:\/\/mmfidawla.com\/fr\/methodologie\/\",\"name\":\"M\u00e9thodologie d\u2019action du Mouvement - \u0645\u0648\u0627\u0637\u0646\u0648\u0646 \u0648\u0645\u0648\u0627\u0637\u0646\u0627\u062a \u0641\u064a \u062f\u0648\u0644\u0629\",\"isPartOf\":{\"@id\":\"https:\/\/mmfidawla.com\/#website\"},\"datePublished\":\"2020-06-07 07:02:36.000000\",\"dateModified\":\"2020-10-19 10:23:09.000000\",\"breadcrumb\":{\"@id\":\"https:\/\/mmfidawla.com\/fr\/methodologie\/#breadcrumb\"},\"inLanguage\":\"fr-FR\",\"potentialAction\":[{\"@type\":\"ReadAction\",\"target\":[\"https:\/\/mmfidawla.com\/fr\/methodologie\/\"]}]},{\"@type\":\"BreadcrumbList\",\"@id\":\"https:\/\/mmfidawla.com\/fr\/methodologie\/#breadcrumb\",\"itemListElement\":[{\"@type\":\"ListItem\",\"position\":1,\"name\":\"Home\",\"item\":\"https:\/\/mmfidawla.com\/fr\/\"},{\"@type\":\"ListItem\",\"position\":2,\"name\":\"M\u00e9thodologie d\u2019action du Mouvement\"}]},{\"@type\":\"WebSite\",\"@id\":\"https:\/\/mmfidawla.com\/#website\",\"url\":\"https:\/\/mmfidawla.com\/\",\"name\":\"\u0645\u0648\u0627\u0637\u0646\u0648\u0646 \u0648\u0645\u0648\u0627\u0637\u0646\u0627\u062a \u0641\u064a \u062f\u0648\u0644\u0629\",\"description\":\"\u062d\u0631\u0643\u0629 \u062a\u062c\u0645\u0639 \u0627\u0644\u0639\u0627\u0645\u0644\u064a\u0646 \u0641\u064a \u0627\u0644\u0634\u0623\u0646 \u0627\u0644\u0639\u0627\u0645 \u0639\u0644\u0649 \u0643\u0644\u0651 \u0627\u0644\u062c\u063a\u0631\u0627\u0641\u064a\u0627 \u0627\u0644\u0644\u0628\u0646\u0627\u0646\u064a\u0629\u060c \u0628\u0647\u062f\u0641 \u062a\u062d\u0645\u0651\u0644 \u0627\u0644\u0645\u0633\u0624\u0648\u0644\u064a\u0629 \u0639\u0644\u0649 \u0623\u0633\u0627\u0633 \u0627\u0644\u0645\u0648\u0627\u0637\u0646\u064a\u0651\u0629\u060c \u0635\u064a\u063a\u0629\u064b \u0628\u062f\u064a\u0644\u0629 \u0639\u0646 \u0627\u0644\u062a\u0628\u0639\u064a\u0651\u0627\u062a \u0627\u0644\u0645\u0641\u0631\u0648\u0636\u0629 \u0648\u0627\u0644\u0645\u0623\u0632\u0648\u0645\u0629\",\"publisher\":{\"@id\":\"https:\/\/mmfidawla.com\/#organization\"},\"potentialAction\":[{\"@type\":\"SearchAction\",\"target\":{\"@type\":\"EntryPoint\",\"urlTemplate\":\"https:\/\/mmfidawla.com\/?s={search_term_string}\"},\"query-input\":\"required name=search_term_string\"}],\"inLanguage\":\"fr-FR\"},{\"@type\":\"Organization\",\"@id\":\"https:\/\/mmfidawla.com\/#organization\",\"name\":\"\u0645\u0648\u0627\u0637\u0646\u0648\u0646 \u0648\u0645\u0648\u0627\u0637\u0646\u0627\u062a \u0641\u064a \u062f\u0648\u0644\u0629\",\"url\":\"https:\/\/mmfidawla.com\/\",\"logo\":{\"@type\":\"ImageObject\",\"inLanguage\":\"fr-FR\",\"@id\":\"https:\/\/mmfidawla.com\/#\/schema\/logo\/image\/\",\"url\":\"https:\/\/mmfidawla.com\/wp-content\/uploads\/2016\/03\/cropped-MMD-logo-final-2.png\",\"contentUrl\":\"https:\/\/mmfidawla.com\/wp-content\/uploads\/2016\/03\/cropped-MMD-logo-final-2.png\",\"width\":842,\"height\":561,\"caption\":\"\u0645\u0648\u0627\u0637\u0646\u0648\u0646 \u0648\u0645\u0648\u0627\u0637\u0646\u0627\u062a \u0641\u064a \u062f\u0648\u0644\u0629\"},\"image\":{\"@id\":\"https:\/\/mmfidawla.com\/#\/schema\/logo\/image\/\"},\"sameAs\":[\"https:\/\/www.facebook.com\/mmfidawla\/\",\"https:\/\/twitter.com\/mmfidawla\",\"https:\/\/www.instagram.com\/mmfidawla\/\",\"http:\/\/youtube.com\/mmfidawla\/\"]}]}<\/script>\n<!-- \/ Yoast SEO plugin. -->","yoast_head_json":{"title":"M\u00e9thodologie d\u2019action du Mouvement - \u0645\u0648\u0627\u0637\u0646\u0648\u0646 \u0648\u0645\u0648\u0627\u0637\u0646\u0627\u062a \u0641\u064a \u062f\u0648\u0644\u0629","robots":{"index":"index","follow":"follow","max-snippet":"max-snippet:-1","max-image-preview":"max-image-preview:large","max-video-preview":"max-video-preview:-1"},"canonical":"https:\/\/mmfidawla.com\/fr\/methodologie\/","og_locale":"fr_FR","og_type":"article","og_title":"M\u00e9thodologie d\u2019action du Mouvement - \u0645\u0648\u0627\u0637\u0646\u0648\u0646 \u0648\u0645\u0648\u0627\u0637\u0646\u0627\u062a \u0641\u064a \u062f\u0648\u0644\u0629","og_url":"https:\/\/mmfidawla.com\/fr\/methodologie\/","og_site_name":"\u0645\u0648\u0627\u0637\u0646\u0648\u0646 \u0648\u0645\u0648\u0627\u0637\u0646\u0627\u062a \u0641\u064a \u062f\u0648\u0644\u0629","article_publisher":"https:\/\/www.facebook.com\/mmfidawla\/","article_modified_time":"2020-10-19 10:23:09.000000","twitter_card":"summary_large_image","twitter_site":"@mmfidawla","twitter_misc":{"Dur\u00e9e de lecture est.":"8 minutes"},"schema":{"@context":"https:\/\/schema.org","@graph":[{"@type":"WebPage","@id":"https:\/\/mmfidawla.com\/fr\/methodologie\/","url":"https:\/\/mmfidawla.com\/fr\/methodologie\/","name":"M\u00e9thodologie d\u2019action du Mouvement - \u0645\u0648\u0627\u0637\u0646\u0648\u0646 \u0648\u0645\u0648\u0627\u0637\u0646\u0627\u062a \u0641\u064a \u062f\u0648\u0644\u0629","isPartOf":{"@id":"https:\/\/mmfidawla.com\/#website"},"datePublished":"2020-06-07 07:02:36.000000","dateModified":"2020-10-19 10:23:09.000000","breadcrumb":{"@id":"https:\/\/mmfidawla.com\/fr\/methodologie\/#breadcrumb"},"inLanguage":"fr-FR","potentialAction":[{"@type":"ReadAction","target":["https:\/\/mmfidawla.com\/fr\/methodologie\/"]}]},{"@type":"BreadcrumbList","@id":"https:\/\/mmfidawla.com\/fr\/methodologie\/#breadcrumb","itemListElement":[{"@type":"ListItem","position":1,"name":"Home","item":"https:\/\/mmfidawla.com\/fr\/"},{"@type":"ListItem","position":2,"name":"M\u00e9thodologie d\u2019action du Mouvement"}]},{"@type":"WebSite","@id":"https:\/\/mmfidawla.com\/#website","url":"https:\/\/mmfidawla.com\/","name":"\u0645\u0648\u0627\u0637\u0646\u0648\u0646 \u0648\u0645\u0648\u0627\u0637\u0646\u0627\u062a \u0641\u064a \u062f\u0648\u0644\u0629","description":"\u062d\u0631\u0643\u0629 \u062a\u062c\u0645\u0639 \u0627\u0644\u0639\u0627\u0645\u0644\u064a\u0646 \u0641\u064a \u0627\u0644\u0634\u0623\u0646 \u0627\u0644\u0639\u0627\u0645 \u0639\u0644\u0649 \u0643\u0644\u0651 \u0627\u0644\u062c\u063a\u0631\u0627\u0641\u064a\u0627 \u0627\u0644\u0644\u0628\u0646\u0627\u0646\u064a\u0629\u060c \u0628\u0647\u062f\u0641 \u062a\u062d\u0645\u0651\u0644 \u0627\u0644\u0645\u0633\u0624\u0648\u0644\u064a\u0629 \u0639\u0644\u0649 \u0623\u0633\u0627\u0633 \u0627\u0644\u0645\u0648\u0627\u0637\u0646\u064a\u0651\u0629\u060c \u0635\u064a\u063a\u0629\u064b \u0628\u062f\u064a\u0644\u0629 \u0639\u0646 \u0627\u0644\u062a\u0628\u0639\u064a\u0651\u0627\u062a \u0627\u0644\u0645\u0641\u0631\u0648\u0636\u0629 \u0648\u0627\u0644\u0645\u0623\u0632\u0648\u0645\u0629","publisher":{"@id":"https:\/\/mmfidawla.com\/#organization"},"potentialAction":[{"@type":"SearchAction","target":{"@type":"EntryPoint","urlTemplate":"https:\/\/mmfidawla.com\/?s={search_term_string}"},"query-input":"required name=search_term_string"}],"inLanguage":"fr-FR"},{"@type":"Organization","@id":"https:\/\/mmfidawla.com\/#organization","name":"\u0645\u0648\u0627\u0637\u0646\u0648\u0646 \u0648\u0645\u0648\u0627\u0637\u0646\u0627\u062a \u0641\u064a \u062f\u0648\u0644\u0629","url":"https:\/\/mmfidawla.com\/","logo":{"@type":"ImageObject","inLanguage":"fr-FR","@id":"https:\/\/mmfidawla.com\/#\/schema\/logo\/image\/","url":"https:\/\/mmfidawla.com\/wp-content\/uploads\/2016\/03\/cropped-MMD-logo-final-2.png","contentUrl":"https:\/\/mmfidawla.com\/wp-content\/uploads\/2016\/03\/cropped-MMD-logo-final-2.png","width":842,"height":561,"caption":"\u0645\u0648\u0627\u0637\u0646\u0648\u0646 \u0648\u0645\u0648\u0627\u0637\u0646\u0627\u062a \u0641\u064a \u062f\u0648\u0644\u0629"},"image":{"@id":"https:\/\/mmfidawla.com\/#\/schema\/logo\/image\/"},"sameAs":["https:\/\/www.facebook.com\/mmfidawla\/","https:\/\/twitter.com\/mmfidawla","https:\/\/www.instagram.com\/mmfidawla\/","http:\/\/youtube.com\/mmfidawla\/"]}]}},"_links":{"self":[{"href":"https:\/\/mmfidawla.com\/fr\/wp-json\/wp\/v2\/pages\/9361"}],"collection":[{"href":"https:\/\/mmfidawla.com\/fr\/wp-json\/wp\/v2\/pages"}],"about":[{"href":"https:\/\/mmfidawla.com\/fr\/wp-json\/wp\/v2\/types\/page"}],"author":[{"embeddable":true,"href":"https:\/\/mmfidawla.com\/fr\/wp-json\/wp\/v2\/users\/5"}],"replies":[{"embeddable":true,"href":"https:\/\/mmfidawla.com\/fr\/wp-json\/wp\/v2\/comments?post=9361"}],"version-history":[{"count":9,"href":"https:\/\/mmfidawla.com\/fr\/wp-json\/wp\/v2\/pages\/9361\/revisions"}],"predecessor-version":[{"id":10743,"href":"https:\/\/mmfidawla.com\/fr\/wp-json\/wp\/v2\/pages\/9361\/revisions\/10743"}],"wp:attachment":[{"href":"https:\/\/mmfidawla.com\/fr\/wp-json\/wp\/v2\/media?parent=9361"}],"curies":[{"name":"wp","href":"https:\/\/api.w.org\/{rel}","templated":true}]}}